{"id":9565,"date":"2022-11-15T19:29:04","date_gmt":"2022-11-15T18:29:04","guid":{"rendered":"https:\/\/khg-aachen.de\/?page_id=9565"},"modified":"2024-12-13T16:32:56","modified_gmt":"2024-12-13T15:32:56","slug":"impressum","status":"publish","type":"page","link":"https:\/\/khg-aachen.de\/index.php\/impressum\/","title":{"rendered":"Impressum"},"content":{"rendered":"\n<h4 class=\"wp-block-heading has-text-align-left\">https:\/\/khg-aachen.de &#8211; Katholische Hochschulgemeinde Aachen<\/h4>\n\n\n\n<p>zeichnen folgende Einrichtung bzw. Personen verantwortlich im Sinne der einschl\u00e4gigen gesetzlichen Bestimmungen gem.<strong> \u00a75 TMG<\/strong>:<\/p>\n\n\n\n<p>Katholische Hochschulgemeinde Aachen<br>Dr. Matthias Fritz<br>Pontstra\u00dfe 74-76<br>52062 Aachen<br>Tel: 0241\/47000<br>Email:&nbsp;<a href=\"mailto:mf@khg-aachen.de\" data-type=\"mailto\" data-id=\"mailto:mf@khg-aachen.de\">mf@khg-aachen.de<\/a>&nbsp;<\/p>\n\n\n\n<p><strong>Einrichtung des Bistums Aachen<br>K\u00f6rperschaft des \u00f6ffentlichen Rechts<br>Vertreten durch: Jan Nienkerke, Generalvikar<br>Klosterplatz 7<br>52062 Aachen<br><br>Umsatzsteuer-Identifikationsnummer gem\u00e4\u00df \u00a727 a Umsatzsteuergesetz:<br>DE 811349581<\/strong><br><br><\/p>\n\n\n\n<h4 class=\"wp-block-heading has-text-align-left\">Verantwortlich im Sinne der Presse<\/h4>\n\n\n\n<p>Inhaltlich verantwortlich: Hannah Hamann,\u00a0<a href=\"mailto:hh@khg-aachen.de\" data-type=\"mailto\" data-id=\"mailto:hh@khg-aachen.de\">hh@khg-aachen.de<\/a>\u00a0<br>Technisch verantwortlich: Robert Kamuda<\/p>\n\n\n\n<p>Hier dargestellte, dynamisch ausgelesene Informationen wie Nachrichten, Veranstaltungshinweise und Foren k\u00f6nnen dem allgemeinen Informationspool der Internet-Plattform entspringen. In diesem Fall zeichnet der Tr\u00e4ger medienrechtlich verantwortlich, der diese Information zur Verf\u00fcgung gestellt hat. Ein separates Impressum im Bereich, aus dem die Informationsdaten stammen, benennt diesen Tr\u00e4ger.<\/p>\n\n\n\n<h4 class=\"wp-block-heading has-text-align-left\">Rechtliche Hinweise<\/h4>\n\n\n\n<p>Zugang und Nutzung f\u00fcr Besucher dieser Website unterliegen den folgenden Bestimmungen. Falls Sie mit diesen Bestimmungen nicht einverstanden sind, nutzen Sie diese Website bitte nicht. Durch weitere Nutzung der Seiten dokumentieren Sie ihr Einverst\u00e4ndnis mit den aufgef\u00fchrten Nutzungsbedingungen.<\/p>\n\n\n\n<h4 class=\"wp-block-heading\">Urheberrechtlicher Hinweis<\/h4>\n\n\n\n<p>Die vorliegenden Inhalte unseres Internetauftrittes sind urheberrechtlich gesch\u00fctzt. Alle Rechte sind vorbehalten. Die Verwendung der Texte und Abbildungen, auch auszugsweise, zu anderen als pers\u00f6nlichen Zwecken verst\u00f6\u00dft gegen die Bestimmungen des Urheberrechts und ist damit rechtswidrig, sofern wir einer solchen Verwendung nicht vorab schriftlich zugestimmt haben. Dies gilt insbesondere f\u00fcr s\u00e4mtliche eventuellen Verwertungsrechte wie Vervielf\u00e4ltigung, \u00dcbersetzung oder Verwendung in elektronischen Systemen. Werden die Inhalte zu pers\u00f6nlichen Zwecken verwendet, so d\u00fcrfen die Informationen in keiner Weise ver\u00e4ndert und s\u00e4mtliche Darstellungen der Website nur zusammen mit dem dazugeh\u00f6rigen Text verwendet werden. In den Internet-Auftritten werden m\u00f6glicherweise eingetragene Marken, Handelsnamen, Gebrauchsmuster und Logos verwendet. Auch wenn diese nicht als solche gekennzeichnet sind, gelten die entsprechenden gesetzlichen Bestimmungen.<\/p>\n\n\n\n<h4 class=\"wp-block-heading\">Haftungsbeschr\u00e4nkung<\/h4>\n\n\n\n<p>Wir sind als Inhaltsanbieter nach \u00a7 7 Telemediengesetz f\u00fcr unsere &#8222;eigenen Inhalte&#8220;, welche wir auf unserer Website zur Nutzung bereitstellen, verantwortlich und haben die auf dieser Website gesammelten Informationen sorgf\u00e4ltig zusammengestellt. Wir sind bem\u00fcht, unser Informationsangebot stetig zu erweitern und aktuell zu halten. Gleichwohl k\u00f6nnen Informationen veraltet oder aus anderen Gr\u00fcnden \u00fcberholt oder unbrauchbar bzw. unrichtig sein. Die Informationen und Angaben auf diesen Seiten stellen daher unter keinem Umstand eine Zusicherung oder Garantie dar, sei sie ausdr\u00fccklich oder stillschweigend.&nbsp;<br>Mit Nutzung unseres Internetangebotes wird das Einverst\u00e4ndnis erkl\u00e4rt, auf diese Website und deren Inhalte auf eigenes Risiko zuzugreifen. Weder das Bistum noch Dritte, die in die Erstellung, Produktion oder \u00dcbermittlung dieser Website involviert sind, haften f\u00fcr Sch\u00e4den oder Verletzungen, die sich aus dem Zugang oder der Unm\u00f6glichkeit des Zugangs, der Nutzung oder Unm\u00f6glichkeit der Nutzung dieser Website oder aus dem Umstand entstehen, dass Sie sich auf eine Information verlassen, die auf dieser Website enthalten ist.<\/p>\n\n\n\n<h4 class=\"wp-block-heading\">Haftung f\u00fcr Links<\/h4>\n\n\n\n<p>Von den in unserer Website bereitgestellten &#8222;eigenen Inhalten&#8220; sind Querverweise (im folgenden auch &#8222;Links&#8220;) auf die von anderen Anbietern bereitgehaltenen Inhalte zu unterscheiden (\u00a7 8 Telemediengesetz). Wir weisen ausdr\u00fccklich darauf hin, dass wir uns die Inhalte auf den verlinkten Websites nicht zu eigen machen. F\u00fcr diese &#8222;fremden Inhalte&#8220; sind wir nicht verantwortlich, da wir die \u00dcbermittlung der Information nicht veranlasst, den Adressaten der \u00fcbermittelten Informationen nicht ausgew\u00e4hlt und auch die \u00fcbermittelten Informationen nicht ausgew\u00e4hlt oder ver\u00e4ndert haben.<\/p>\n\n\n\n<h4 class=\"wp-block-heading\">Anwendbares Recht<\/h4>\n\n\n\n<p>S\u00e4mtliche in Verbindung mit der Nutzung dieser Website oder mit ihr sonst in Zusammenhang stehenden Anspr\u00fcche unterliegen dem Recht der Bundesrepublik Deutschland einschlie\u00dflich der Regelungen des Internationalen Privatrechts.<\/p>\n\n\n\n<h4 class=\"wp-block-heading\">Datenschutz<\/h4>\n\n\n\n<p>Zu Einzelheiten der Nutzung und des Schutzes von Daten lesen Sie bitte unsere&nbsp;<a href=\"https:\/\/khg-aachen.de\/index.php\/datenschutzerklaerung\/\" data-type=\"page\" data-id=\"3109\">Datenschutzerkl\u00e4rung<\/a>.<\/p>\n<div class=\"ShariffSC shariff_container\"><div class=\"shariff shariff-align-left shariff-widget-align-left\"><ul class=\"shariff-buttons theme-round orientation-horizontal buttonsize-medium\"><li class=\"shariff-button facebook\" style=\"background-color:#0fb918;border-radius:25%\"><a href=\"https:\/\/www.facebook.com\/sharer\/sharer.php?u=https%3A%2F%2Fkhg-aachen.de%2Findex.php%2Fimpressum%2F\" title=\"Bei Facebook teilen\" aria-label=\"Bei Facebook teilen\" role=\"button\" rel=\"nofollow\" class=\"shariff-link\" style=\";border-radius:25%; background-color:#e3001b; color:#fff\" target=\"_blank\"><span class=\"shariff-icon\" style=\"\"><svg width=\"32px\" height=\"20px\" xmlns=\"http:\/\/www.w3.org\/2000\/svg\" viewBox=\"0 0 18 32\"><path fill=\"#3b5998\" d=\"M17.1 0.2v4.7h-2.8q-1.5 0-2.1 0.6t-0.5 1.9v3.4h5.2l-0.7 5.3h-4.5v13.6h-5.5v-13.6h-4.5v-5.3h4.5v-3.9q0-3.3 1.9-5.2t5-1.8q2.6 0 4.1 0.2z\"\/><\/svg><\/span><\/a><\/li><li class=\"shariff-button twitter\" style=\"background-color:#0fb918;border-radius:25%\"><a href=\"https:\/\/twitter.com\/share?url=https%3A%2F%2Fkhg-aachen.de%2Findex.php%2Fimpressum%2F&text=Impressum\" title=\"Bei X teilen\" aria-label=\"Bei X teilen\" role=\"button\" rel=\"noopener nofollow\" class=\"shariff-link\" style=\";border-radius:25%; background-color:#e3001b; color:#fff\" target=\"_blank\"><span class=\"shariff-icon\" style=\"\"><svg width=\"32px\" height=\"20px\" xmlns=\"http:\/\/www.w3.org\/2000\/svg\" viewBox=\"0 0 24 24\"><path fill=\"#000\" d=\"M14.258 10.152L23.176 0h-2.113l-7.747 8.813L7.133 0H0l9.352 13.328L0 23.973h2.113l8.176-9.309 6.531 9.309h7.133zm-2.895 3.293l-.949-1.328L2.875 1.56h3.246l6.086 8.523.945 1.328 7.91 11.078h-3.246zm0 0\"\/><\/svg><\/span><\/a><\/li><li class=\"shariff-button reddit\" style=\"background-color:#0fb918;border-radius:25%\"><a href=\"https:\/\/www.reddit.com\/submit?url=https%3A%2F%2Fkhg-aachen.de%2Findex.php%2Fimpressum%2F\" title=\"Bei Reddit teilen\" aria-label=\"Bei Reddit teilen\" role=\"button\" rel=\"noopener nofollow\" class=\"shariff-link\" style=\";border-radius:25%; background-color:#e3001b; color:#fff\" target=\"_blank\"><span class=\"shariff-icon\" style=\"\"><svg xmlns=\"http:\/\/www.w3.org\/2000\/svg\" viewBox=\"0 0 512 512\"><path fill=\"#ff4500\" d=\"M440.3 203.5c-15 0-28.2 6.2-37.9 15.9-35.7-24.7-83.8-40.6-137.1-42.3L293 52.3l88.2 19.8c0 21.6 17.6 39.2 39.2 39.2 22 0 39.7-18.1 39.7-39.7s-17.6-39.7-39.7-39.7c-15.4 0-28.7 9.3-35.3 22l-97.4-21.6c-4.9-1.3-9.7 2.2-11 7.1L246.3 177c-52.9 2.2-100.5 18.1-136.3 42.8-9.7-10.1-23.4-16.3-38.4-16.3-55.6 0-73.8 74.6-22.9 100.1-1.8 7.9-2.6 16.3-2.6 24.7 0 83.8 94.4 151.7 210.3 151.7 116.4 0 210.8-67.9 210.8-151.7 0-8.4-.9-17.2-3.1-25.1 49.9-25.6 31.5-99.7-23.8-99.7zM129.4 308.9c0-22 17.6-39.7 39.7-39.7 21.6 0 39.2 17.6 39.2 39.7 0 21.6-17.6 39.2-39.2 39.2-22 .1-39.7-17.6-39.7-39.2zm214.3 93.5c-36.4 36.4-139.1 36.4-175.5 0-4-3.5-4-9.7 0-13.7 3.5-3.5 9.7-3.5 13.2 0 27.8 28.5 120 29 149 0 3.5-3.5 9.7-3.5 13.2 0 4.1 4 4.1 10.2.1 13.7zm-.8-54.2c-21.6 0-39.2-17.6-39.2-39.2 0-22 17.6-39.7 39.2-39.7 22 0 39.7 17.6 39.7 39.7-.1 21.5-17.7 39.2-39.7 39.2z\"\/><\/svg><\/span><\/a><\/li><li class=\"shariff-button telegram\" style=\"background-color:#0fb918;border-radius:25%\"><a href=\"https:\/\/telegram.me\/share\/url?url=https%3A%2F%2Fkhg-aachen.de%2Findex.php%2Fimpressum%2F&text=Impressum\" title=\"Bei Telegram teilen\" aria-label=\"Bei Telegram teilen\" role=\"button\" rel=\"noopener nofollow\" class=\"shariff-link\" style=\";border-radius:25%; background-color:#e3001b; color:#fff\" target=\"_blank\"><span class=\"shariff-icon\" style=\"\"><svg width=\"32px\" height=\"20px\" xmlns=\"http:\/\/www.w3.org\/2000\/svg\" viewBox=\"0 0 32 32\"><path fill=\"#0088cc\" d=\"M30.8 6.5l-4.5 21.4c-.3 1.5-1.2 1.9-2.5 1.2L16.9 24l-3.3 3.2c-.4.4-.7.7-1.4.7l.5-7L25.5 9.2c.6-.5-.1-.8-.9-.3l-15.8 10L2 16.7c-1.5-.5-1.5-1.5.3-2.2L28.9 4.3c1.3-.5 2.3.3 1.9 2.2z\"\/><\/svg><\/span><\/a><\/li><li class=\"shariff-button threema shariff-mobile\" style=\"background-color:#0fb918;border-radius:25%\"><a href=\"threema:\/\/compose?text=Impressum%20https%3A%2F%2Fkhg-aachen.de%2Findex.php%2Fimpressum%2F\" title=\"Bei Threema teilen\" aria-label=\"Bei Threema teilen\" role=\"button\" rel=\"noopener nofollow\" class=\"shariff-link\" style=\";border-radius:25%; background-color:#e3001b; color:#fff\" target=\"_blank\"><span class=\"shariff-icon\" style=\"\"><svg width=\"32px\" height=\"20px\" xmlns=\"http:\/\/www.w3.org\/2000\/svg\" viewBox=\"0 0 32 32\"><path fill=\"#1f1f1f\" d=\"M30.8 10.9c-0.3-1.4-0.9-2.6-1.8-3.8-2-2.6-5.5-4.5-9.4-5.2-1.3-0.2-1.9-0.3-3.5-0.3s-2.2 0-3.5 0.3c-4 0.7-7.4 2.6-9.4 5.2-0.9 1.2-1.5 2.4-1.8 3.8-0.1 0.5-0.2 1.2-0.2 1.6 0 0.4 0.1 1.1 0.2 1.6 0.4 1.9 1.3 3.4 2.9 5 0.8 0.8 0.8 0.8 0.7 1.3 0 0.6-0.5 1.6-1.7 3.6-0.3 0.5-0.5 0.9-0.5 0.9 0 0.1 0.1 0.1 0.5 0 0.8-0.2 2.3-0.6 5.6-1.6 1.1-0.3 1.3-0.4 2.3-0.4 0.8 0 1.1 0 2.3 0.2 1.5 0.2 3.5 0.2 4.9 0 5.1-0.6 9.3-2.9 11.4-6.3 0.5-0.9 0.9-1.8 1.1-2.8 0.1-0.5 0.2-1.1 0.2-1.6 0-0.7-0.1-1.1-0.2-1.6-0.3-1.4 0.1 0.5 0 0zM20.6 17.3c0 0.4-0.4 0.8-0.8 0.8h-7.7c-0.4 0-0.8-0.4-0.8-0.8v-4.6c0-0.4 0.4-0.8 0.8-0.8h0.2l0-1.6c0-0.9 0-1.8 0.1-2 0.1-0.6 0.6-1.2 1.1-1.7s1.1-0.7 1.9-0.8c1.8-0.3 3.7 0.7 4.2 2.2 0.1 0.3 0.1 0.7 0.1 2.1v0 1.7h0.1c0.4 0 0.8 0.4 0.8 0.8v4.6zM15.6 7.3c-0.5 0.1-0.8 0.3-1.2 0.6s-0.6 0.8-0.7 1.3c0 0.2 0 0.8 0 1.5l0 1.2h4.6v-1.3c0-1 0-1.4-0.1-1.6-0.3-1.1-1.5-1.9-2.6-1.7zM25.8 28.2c0 1.2-1 2.2-2.1 2.2s-2.1-1-2.1-2.1c0-1.2 1-2.1 2.2-2.1s2.2 1 2.2 2.2zM18.1 28.2c0 1.2-1 2.2-2.1 2.2s-2.1-1-2.1-2.1c0-1.2 1-2.1 2.2-2.1s2.2 1 2.2 2.2zM10.4 28.2c0 1.2-1 2.2-2.1 2.2s-2.1-1-2.1-2.1c0-1.2 1-2.1 2.2-2.1s2.2 1 2.2 2.2z\"\/><\/svg><\/span><\/a><\/li><li class=\"shariff-button mailto\" style=\"background-color:#0fb918;border-radius:25%\"><a href=\"mailto:?body=https%3A%2F%2Fkhg-aachen.de%2Findex.php%2Fimpressum%2F&subject=Impressum\" title=\"Per E-Mail versenden\" aria-label=\"Per E-Mail versenden\" role=\"button\" rel=\"noopener nofollow\" class=\"shariff-link\" style=\";border-radius:25%; background-color:#e3001b; color:#fff\"><span class=\"shariff-icon\" style=\"\"><svg width=\"32px\" height=\"20px\" xmlns=\"http:\/\/www.w3.org\/2000\/svg\" viewBox=\"0 0 32 32\"><path fill=\"#999\" d=\"M32 12.7v14.2q0 1.2-0.8 2t-2 0.9h-26.3q-1.2 0-2-0.9t-0.8-2v-14.2q0.8 0.9 1.8 1.6 6.5 4.4 8.9 6.1 1 0.8 1.6 1.2t1.7 0.9 2 0.4h0.1q0.9 0 2-0.4t1.7-0.9 1.6-1.2q3-2.2 8.9-6.1 1-0.7 1.8-1.6zM32 7.4q0 1.4-0.9 2.7t-2.2 2.2q-6.7 4.7-8.4 5.8-0.2 0.1-0.7 0.5t-1 0.7-0.9 0.6-1.1 0.5-0.9 0.2h-0.1q-0.4 0-0.9-0.2t-1.1-0.5-0.9-0.6-1-0.7-0.7-0.5q-1.6-1.1-4.7-3.2t-3.6-2.6q-1.1-0.7-2.1-2t-1-2.5q0-1.4 0.7-2.3t2.1-0.9h26.3q1.2 0 2 0.8t0.9 2z\"\/><\/svg><\/span><\/a><\/li><li class=\"shariff-button info\" style=\"background-color:#0fb918;border-radius:25%\"><a href=\"http:\/\/ct.de\/-2467514\" title=\"Weitere Informationen\" aria-label=\"Weitere Informationen\" role=\"button\" rel=\"noopener \" class=\"shariff-link\" style=\";border-radius:25%; background-color:#e3001b; color:#fff\" target=\"_blank\"><span class=\"shariff-icon\" style=\"\"><svg width=\"32px\" height=\"20px\" xmlns=\"http:\/\/www.w3.org\/2000\/svg\" viewBox=\"0 0 11 32\"><path fill=\"#999\" d=\"M11.4 24v2.3q0 0.5-0.3 0.8t-0.8 0.4h-9.1q-0.5 0-0.8-0.4t-0.4-0.8v-2.3q0-0.5 0.4-0.8t0.8-0.4h1.1v-6.8h-1.1q-0.5 0-0.8-0.4t-0.4-0.8v-2.3q0-0.5 0.4-0.8t0.8-0.4h6.8q0.5 0 0.8 0.4t0.4 0.8v10.3h1.1q0.5 0 0.8 0.4t0.3 0.8zM9.2 3.4v3.4q0 0.5-0.4 0.8t-0.8 0.4h-4.6q-0.4 0-0.8-0.4t-0.4-0.8v-3.4q0-0.4 0.4-0.8t0.8-0.4h4.6q0.5 0 0.8 0.4t0.4 0.8z\"\/><\/svg><\/span><\/a><\/li><\/ul><\/div><\/div>","protected":false},"excerpt":{"rendered":"<p>https:\/\/khg-aachen.de &#8211; Katholische Hochschulgemeinde Aachen zeichnen folgende Einrichtung bzw. Personen verantwortlich im Sinne der einschl\u00e4gigen gesetzlichen Bestimmungen gem. \u00a75 TMG: Katholische Hochschulgemeinde AachenDr. Matthias FritzPontstra\u00dfe 74-7652062 AachenTel: 0241\/47000Email:&nbsp;mf@khg-aachen.de&nbsp; Einrichtung des Bistums AachenK\u00f6rperschaft des \u00f6ffentlichen RechtsVertreten durch: Jan Nienkerke, GeneralvikarKlosterplatz 752062 Aachen Umsatzsteuer-Identifikationsnummer gem\u00e4\u00df \u00a727 a Umsatzsteuergesetz:DE 811349581 Verantwortlich im Sinne der Presse Inhaltlich verantwortlich: Hannah Hamann,\u00a0hh@khg-aachen.de\u00a0Technisch verantwortlich: Robert Kamuda Hier dargestellte, dynamisch ausgelesene Informationen wie Nachrichten, Veranstaltungshinweise und Foren k\u00f6nnen dem allgemeinen Informationspool der Internet-Plattform entspringen. In diesem Fall zeichnet der Tr\u00e4ger medienrechtlich verantwortlich, der diese Information zur Verf\u00fcgung gestellt hat. Ein separates Impressum im Bereich, aus dem die Informationsdaten stammen, benennt diesen Tr\u00e4ger. Rechtliche Hinweise Zugang und Nutzung f\u00fcr Besucher dieser Website unterliegen den folgenden Bestimmungen. Falls Sie mit diesen Bestimmungen nicht einverstanden sind, nutzen Sie diese Website bitte nicht. Durch weitere Nutzung der Seiten dokumentieren Sie ihr Einverst\u00e4ndnis mit den aufgef\u00fchrten Nutzungsbedingungen. Urheberrechtlicher Hinweis Die vorliegenden Inhalte unseres Internetauftrittes sind urheberrechtlich gesch\u00fctzt. Alle Rechte sind vorbehalten. Die Verwendung der Texte und Abbildungen, auch auszugsweise, zu anderen als pers\u00f6nlichen Zwecken verst\u00f6\u00dft gegen die Bestimmungen des Urheberrechts und ist damit rechtswidrig, sofern wir einer solchen Verwendung nicht vorab schriftlich zugestimmt haben. Dies gilt insbesondere f\u00fcr s\u00e4mtliche eventuellen Verwertungsrechte wie Vervielf\u00e4ltigung, \u00dcbersetzung oder Verwendung in elektronischen Systemen. Werden die Inhalte zu pers\u00f6nlichen Zwecken verwendet, so d\u00fcrfen die Informationen in keiner Weise ver\u00e4ndert und s\u00e4mtliche Darstellungen der Website nur zusammen mit dem dazugeh\u00f6rigen Text verwendet werden. In den Internet-Auftritten werden m\u00f6glicherweise eingetragene Marken, Handelsnamen, Gebrauchsmuster und Logos verwendet. Auch wenn diese nicht als solche gekennzeichnet sind, gelten die entsprechenden gesetzlichen Bestimmungen. Haftungsbeschr\u00e4nkung Wir sind als Inhaltsanbieter nach \u00a7 7 Telemediengesetz f\u00fcr unsere &#8222;eigenen Inhalte&#8220;, welche wir auf unserer Website zur Nutzung bereitstellen, verantwortlich und haben die auf dieser Website gesammelten Informationen sorgf\u00e4ltig zusammengestellt. Wir sind bem\u00fcht, unser Informationsangebot stetig zu erweitern und aktuell zu halten. Gleichwohl k\u00f6nnen Informationen veraltet oder aus anderen Gr\u00fcnden \u00fcberholt oder unbrauchbar bzw. unrichtig sein. Die Informationen und Angaben auf diesen Seiten stellen daher unter keinem Umstand eine Zusicherung oder Garantie dar, sei sie ausdr\u00fccklich oder stillschweigend.&nbsp;Mit Nutzung unseres Internetangebotes wird das Einverst\u00e4ndnis erkl\u00e4rt, auf diese Website und deren Inhalte auf eigenes Risiko zuzugreifen. Weder das Bistum noch Dritte, die in die Erstellung, Produktion oder \u00dcbermittlung dieser Website involviert sind, haften f\u00fcr Sch\u00e4den oder Verletzungen, die sich aus dem Zugang oder der Unm\u00f6glichkeit des Zugangs, der Nutzung oder Unm\u00f6glichkeit der Nutzung dieser Website oder aus dem Umstand entstehen, dass Sie sich auf eine Information verlassen, die auf dieser Website enthalten ist. Haftung f\u00fcr Links Von den in unserer Website bereitgestellten &#8222;eigenen Inhalten&#8220; sind Querverweise (im folgenden auch &#8222;Links&#8220;) auf die von anderen Anbietern bereitgehaltenen Inhalte zu unterscheiden (\u00a7 8 Telemediengesetz). Wir weisen ausdr\u00fccklich darauf hin, dass wir uns die Inhalte auf den verlinkten Websites nicht zu eigen machen. F\u00fcr diese &#8222;fremden Inhalte&#8220; sind wir nicht verantwortlich, da wir die \u00dcbermittlung der Information nicht veranlasst, den Adressaten der \u00fcbermittelten Informationen nicht ausgew\u00e4hlt und auch die \u00fcbermittelten Informationen nicht ausgew\u00e4hlt oder ver\u00e4ndert haben. Anwendbares Recht S\u00e4mtliche in Verbindung mit der Nutzung dieser Website oder mit ihr sonst in Zusammenhang stehenden Anspr\u00fcche unterliegen dem Recht der Bundesrepublik Deutschland einschlie\u00dflich der Regelungen des Internationalen Privatrechts. Datenschutz Zu Einzelheiten der Nutzung und des Schutzes von Daten lesen Sie bitte unsere&nbsp;Datenschutzerkl\u00e4rung.<\/p>\n","protected":false},"author":3,"featured_media":0,"parent":0,"menu_order":0,"comment_status":"closed","ping_status":"closed","template":"","meta":{"footnotes":""},"class_list":["post-9565","page","type-page","status-publish","hentry"],"_links":{"self":[{"href":"https:\/\/khg-aachen.de\/index.php\/wp-json\/wp\/v2\/pages\/9565"}],"collection":[{"href":"https:\/\/khg-aachen.de\/index.php\/wp-json\/wp\/v2\/pages"}],"about":[{"href":"https:\/\/khg-aachen.de\/index.php\/wp-json\/wp\/v2\/types\/page"}],"author":[{"embeddable":true,"href":"https:\/\/khg-aachen.de\/index.php\/wp-json\/wp\/v2\/users\/3"}],"replies":[{"embeddable":true,"href":"https:\/\/khg-aachen.de\/index.php\/wp-json\/wp\/v2\/comments?post=9565"}],"version-history":[{"count":8,"href":"https:\/\/khg-aachen.de\/index.php\/wp-json\/wp\/v2\/pages\/9565\/revisions"}],"predecessor-version":[{"id":13312,"href":"https:\/\/khg-aachen.de\/index.php\/wp-json\/wp\/v2\/pages\/9565\/revisions\/13312"}],"wp:attachment":[{"href":"https:\/\/khg-aachen.de\/index.php\/wp-json\/wp\/v2\/media?parent=9565"}],"curies":[{"name":"wp","href":"https:\/\/api.w.org\/{rel}","templated":true}]}}