{"id":2718,"date":"2020-10-16T09:07:56","date_gmt":"2020-10-16T08:07:56","guid":{"rendered":"https:\/\/test.khg-aachen.de\/?page_id=2718"},"modified":"2026-04-02T11:43:23","modified_gmt":"2026-04-02T10:43:23","slug":"team-der-hauptamtlichen","status":"publish","type":"page","link":"https:\/\/khg-aachen.de\/index.php\/startseite\/team-der-hauptamtlichen\/","title":{"rendered":"MitarbeiterInnen"},"content":{"rendered":"\n<h2 class=\"wp-block-heading has-text-align-center\">Hauptamtliche MitarbeiterInnen<\/h2>\n\n\n\n<p class=\"has-text-align-center\">Nach Vornamen sortiert<\/p>\n\n\n\n<p>Wenn Du Kontakt zu unserer Studierendenvertretung aufnehmen m\u00f6chtest, kannst du sie \u00fcber <a href=\"mailto:sr@khg-aachen.de\">sr@khg-aachen.de<\/a> erreichen.<\/p>\n\n\n<div class=\"lazyblock-khg-abschnitts-container-Z2v59Wx wp-block-lazyblock-khg-abschnitts-container\">\n<div class=\"lazyblock-beitrags-abschnitt-Z1KNeQB wp-block-lazyblock-beitrags-abschnitt\"><div class=\"post-paragraph\">\n  <h2 class=\"post-paragraph-title\" style=\"color:#0fb918 !important;\">Beate Engelhoven<\/h2>\n  <div class=\"post-paragraph-left-column\">\n    \n    \n  \t    \t  <img loading=\"lazy\" decoding=\"async\" width=\"330\" height=\"280\" src=\"https:\/\/khg-aachen.de\/wp-content\/uploads\/2024\/06\/IMG_2862-rotated-e1718713999724-330x280.jpg\" class=\"post-paragraph-image\" alt=\"\" srcset=\"https:\/\/khg-aachen.de\/wp-content\/uploads\/2024\/06\/IMG_2862-rotated-e1718713999724-330x280.jpg 330w, https:\/\/khg-aachen.de\/wp-content\/uploads\/2024\/06\/IMG_2862-rotated-e1718713999724-300x254.jpg 300w, https:\/\/khg-aachen.de\/wp-content\/uploads\/2024\/06\/IMG_2862-rotated-e1718713999724-1024x868.jpg 1024w, https:\/\/khg-aachen.de\/wp-content\/uploads\/2024\/06\/IMG_2862-rotated-e1718713999724-768x651.jpg 768w, https:\/\/khg-aachen.de\/wp-content\/uploads\/2024\/06\/IMG_2862-rotated-e1718713999724-655x555.jpg 655w, https:\/\/khg-aachen.de\/wp-content\/uploads\/2024\/06\/IMG_2862-rotated-e1718713999724-436x370.jpg 436w, https:\/\/khg-aachen.de\/wp-content\/uploads\/2024\/06\/IMG_2862-rotated-e1718713999724-1200x1017.jpg 1200w, https:\/\/khg-aachen.de\/wp-content\/uploads\/2024\/06\/IMG_2862-rotated-e1718713999724.jpg 1340w\" sizes=\"(max-width: 330px) 100vw, 330px\" \/>  \t  \n  \t  <figcaption class=\"wp-caption-text\">  \t  <\/figcaption>\n  \t  \n  \t    <\/div>\n  <div class=\"post-paragraph-text\">\n\t  <p>\n\n<ul class=\"wp-block-list\">\n<li><a href=\"http:\/\/www.chico-mendes.de\">Chico Mendes<\/a><\/li>\n\n\n\n<li><a href=\"http:\/\/www.genugplatz.de\" data-type=\"URL\" data-id=\"www.genugplatz.de\">Raumvermietung<\/a> <\/li>\n\n\n\n<li><a href=\"https:\/\/khg-aachen.de\/index.php\/2021\/10\/13\/gesucht-unterstuetzerinnen-mit-herz\/\">Kita RoKoKo<\/a><\/li>\n<\/ul>\n\n\n\n<p><strong>Pr\u00e4ventionsfachkraft<\/strong> der Katholischen Hochschulgemeinde Aachen:<\/p>\n\n\n\n<ul class=\"wp-block-list\">\n<li>Ansprechpartnerin f\u00fcr die hauptamtlichen und ehrenamtlichen Mitarbeiter*innen bei Fragen zur Pr\u00e4vention gegen sexualisierte Gewalt und Grenzverletzungen.<\/li>\n\n\n\n<li>kennt die Verfahrenswege bei Verdachtsmeldungen und informiert \u00fcber interne und externe Beratungsstellen<\/li>\n\n\n\n<li>sie unterst\u00fctzt unseren Rechtstr\u00e4ger bei der Erstellung und Umsetzung des Institutionellen Schutzkonzeptes<\/li>\n\n\n\n<li>sie bem\u00fcht sich um die Platzierung des Themas in den Strukturen und Gremien der KHG<\/li>\n\n\n\n<li>sie ist die Kontaktperson vor Ort f\u00fcr die Pr\u00e4ventionsbeauftragte des Bistums Aachen&nbsp;<\/li>\n<\/ul>\n\n\n\n<p><a href=\"mailto:be@khg-aachen.de\">be@khg-aachen.de<\/a> &#8211; 0241\/4700138<\/p>\n\n<\/p>\n  <\/div>\n<\/div>\n\t<\/div>\n\n<div class=\"lazyblock-beitrags-abschnitt-Z1Ed3Ey wp-block-lazyblock-beitrags-abschnitt\"><div class=\"post-paragraph\">\n  <h2 class=\"post-paragraph-title\" style=\"color:#feed01 !important;\">Eveline Kuscha<\/h2>\n  <div class=\"post-paragraph-left-column\">\n    \n    \n  \t    \t  <img loading=\"lazy\" decoding=\"async\" width=\"346\" height=\"280\" src=\"https:\/\/khg-aachen.de\/wp-content\/uploads\/2024\/06\/IMG_2876-rotated-e1718714604740-346x280.jpg\" class=\"post-paragraph-image\" alt=\"\" srcset=\"https:\/\/khg-aachen.de\/wp-content\/uploads\/2024\/06\/IMG_2876-rotated-e1718714604740-346x280.jpg 346w, https:\/\/khg-aachen.de\/wp-content\/uploads\/2024\/06\/IMG_2876-rotated-e1718714604740-300x243.jpg 300w, https:\/\/khg-aachen.de\/wp-content\/uploads\/2024\/06\/IMG_2876-rotated-e1718714604740-1024x829.jpg 1024w, https:\/\/khg-aachen.de\/wp-content\/uploads\/2024\/06\/IMG_2876-rotated-e1718714604740-768x622.jpg 768w, https:\/\/khg-aachen.de\/wp-content\/uploads\/2024\/06\/IMG_2876-rotated-e1718714604740-686x555.jpg 686w, https:\/\/khg-aachen.de\/wp-content\/uploads\/2024\/06\/IMG_2876-rotated-e1718714604740-457x370.jpg 457w, https:\/\/khg-aachen.de\/wp-content\/uploads\/2024\/06\/IMG_2876-rotated-e1718714604740-1200x971.jpg 1200w, https:\/\/khg-aachen.de\/wp-content\/uploads\/2024\/06\/IMG_2876-rotated-e1718714604740.jpg 1344w\" sizes=\"(max-width: 346px) 100vw, 346px\" \/>  \t  \n  \t  <figcaption class=\"wp-caption-text\">  \t  <\/figcaption>\n  \t  \n  \t    <\/div>\n  <div class=\"post-paragraph-text\">\n\t  <p>\n\n<ul class=\"wp-block-list\">\n<li><a href=\"http:\/\/www.chico-mendes.de\" data-type=\"URL\" data-id=\"www.chico-mendes.de\">Chico Mendes<\/a><\/li>\n\n\n\n<li><a href=\"mailto:ek@khg-aachen.de\">ek@khg-aachen.de<\/a><\/li>\n<\/ul>\n\n<\/p>\n  <\/div>\n<\/div>\n\t<\/div>\n\n<div class=\"lazyblock-beitrags-abschnitt-Vs47v wp-block-lazyblock-beitrags-abschnitt\"><div class=\"post-paragraph\">\n  <h2 class=\"post-paragraph-title\" style=\"color:#0fb918 !important;\">Hannah Hamann<\/h2>\n  <div class=\"post-paragraph-left-column\">\n    \n    \n  \t    \t  <img loading=\"lazy\" decoding=\"async\" width=\"364\" height=\"280\" src=\"https:\/\/khg-aachen.de\/wp-content\/uploads\/2024\/06\/IMG_2883-rotated-e1718717205581-364x280.jpg\" class=\"post-paragraph-image\" alt=\"\" srcset=\"https:\/\/khg-aachen.de\/wp-content\/uploads\/2024\/06\/IMG_2883-rotated-e1718717205581-364x280.jpg 364w, https:\/\/khg-aachen.de\/wp-content\/uploads\/2024\/06\/IMG_2883-rotated-e1718717205581-300x231.jpg 300w, https:\/\/khg-aachen.de\/wp-content\/uploads\/2024\/06\/IMG_2883-rotated-e1718717205581-1024x788.jpg 1024w, https:\/\/khg-aachen.de\/wp-content\/uploads\/2024\/06\/IMG_2883-rotated-e1718717205581-768x591.jpg 768w, https:\/\/khg-aachen.de\/wp-content\/uploads\/2024\/06\/IMG_2883-rotated-e1718717205581-721x555.jpg 721w, https:\/\/khg-aachen.de\/wp-content\/uploads\/2024\/06\/IMG_2883-rotated-e1718717205581-481x370.jpg 481w, https:\/\/khg-aachen.de\/wp-content\/uploads\/2024\/06\/IMG_2883-rotated-e1718717205581-1200x923.jpg 1200w, https:\/\/khg-aachen.de\/wp-content\/uploads\/2024\/06\/IMG_2883-rotated-e1718717205581.jpg 1340w\" sizes=\"(max-width: 364px) 100vw, 364px\" \/>  \t  \n  \t  <figcaption class=\"wp-caption-text\">  \t  <\/figcaption>\n  \t  \n  \t    <\/div>\n  <div class=\"post-paragraph-text\">\n\t  <p>\n\n<p>geb. Hassanein<\/p>\n\n\n\n<ul class=\"wp-block-list\">\n<li>Gespr\u00e4chsangebot und Angebot der <a href=\"https:\/\/exerzitienarbeit-bistum-aachen.de\/geistliche-begleitung\/begleiter-innen\/\">Geistlichen Begleitung<\/a> f\u00fcr Studierende und junge Menschen<\/li>\n\n\n\n<li><a href=\"https:\/\/www.instagram.com\/khgaachen\/\">\u00d6ffentlichkeitsarbeit<\/a> <\/li>\n\n\n\n<li>Begleitung der Katholischen Community innerhalb der KHG | Coordinator of our International Catholic Community<\/li>\n<\/ul>\n\n\n\n<p><a href=\"mailto:hh@khg-aachen.de\" data-type=\"mailto\" data-id=\"mailto:hh@khg-aachen.de\">hh@khg-aachen.de<\/a> <\/p>\n\n<\/p>\n  <\/div>\n<\/div>\n\t<\/div>\n\n<div class=\"lazyblock-beitrags-abschnitt-ZgDF5U wp-block-lazyblock-beitrags-abschnitt\"><div class=\"post-paragraph\">\n  <h2 class=\"post-paragraph-title\" style=\"color:#feed01 !important;\">Johanna R\u00f6per<\/h2>\n  <div class=\"post-paragraph-left-column\">\n    \n    \n  \t    \t  <img loading=\"lazy\" decoding=\"async\" width=\"342\" height=\"280\" src=\"https:\/\/khg-aachen.de\/wp-content\/uploads\/2024\/06\/IMG_2884-rotated-e1718713579142-342x280.jpg\" class=\"post-paragraph-image\" alt=\"\" srcset=\"https:\/\/khg-aachen.de\/wp-content\/uploads\/2024\/06\/IMG_2884-rotated-e1718713579142-342x280.jpg 342w, https:\/\/khg-aachen.de\/wp-content\/uploads\/2024\/06\/IMG_2884-rotated-e1718713579142-300x245.jpg 300w, https:\/\/khg-aachen.de\/wp-content\/uploads\/2024\/06\/IMG_2884-rotated-e1718713579142-1024x838.jpg 1024w, https:\/\/khg-aachen.de\/wp-content\/uploads\/2024\/06\/IMG_2884-rotated-e1718713579142-768x628.jpg 768w, https:\/\/khg-aachen.de\/wp-content\/uploads\/2024\/06\/IMG_2884-rotated-e1718713579142-679x555.jpg 679w, https:\/\/khg-aachen.de\/wp-content\/uploads\/2024\/06\/IMG_2884-rotated-e1718713579142-452x370.jpg 452w, https:\/\/khg-aachen.de\/wp-content\/uploads\/2024\/06\/IMG_2884-rotated-e1718713579142-1200x981.jpg 1200w, https:\/\/khg-aachen.de\/wp-content\/uploads\/2024\/06\/IMG_2884-rotated-e1718713579142.jpg 1340w\" sizes=\"(max-width: 342px) 100vw, 342px\" \/>  \t  \n  \t  <figcaption class=\"wp-caption-text\">  \t  <\/figcaption>\n  \t  \n  \t    <\/div>\n  <div class=\"post-paragraph-text\">\n\t  <p>\n\n<ul class=\"wp-block-list\">\n<li>Begleitung der <a href=\"https:\/\/www.studentenwerk-khg-aachen.de\/\">KHG-Wohnheime<\/a><\/li>\n\n\n\n<li>Ansprechperson f\u00fcr Internationale Stipendiat*innen der KHG<\/li>\n<\/ul>\n\n\n\n<p><a href=\"mailto:jr@khg-aachen.de\">jr@khg-aachen.de<\/a><\/p>\n\n<\/p>\n  <\/div>\n<\/div>\n\t<\/div>\n\n<div class=\"lazyblock-beitrags-abschnitt-145ILL wp-block-lazyblock-beitrags-abschnitt\"><div class=\"post-paragraph\">\n  <h2 class=\"post-paragraph-title\" style=\"color:#0fb918 !important;\">Markus Reissen<\/h2>\n  <div class=\"post-paragraph-left-column\">\n    \n    \n  \t    \t  <img loading=\"lazy\" decoding=\"async\" width=\"297\" height=\"280\" src=\"https:\/\/khg-aachen.de\/wp-content\/uploads\/2024\/06\/IMG_2863-rotated-e1718713515632-297x280.jpg\" class=\"post-paragraph-image\" alt=\"\" srcset=\"https:\/\/khg-aachen.de\/wp-content\/uploads\/2024\/06\/IMG_2863-rotated-e1718713515632-297x280.jpg 297w, https:\/\/khg-aachen.de\/wp-content\/uploads\/2024\/06\/IMG_2863-rotated-e1718713515632-300x283.jpg 300w, https:\/\/khg-aachen.de\/wp-content\/uploads\/2024\/06\/IMG_2863-rotated-e1718713515632-1024x966.jpg 1024w, https:\/\/khg-aachen.de\/wp-content\/uploads\/2024\/06\/IMG_2863-rotated-e1718713515632-768x724.jpg 768w, https:\/\/khg-aachen.de\/wp-content\/uploads\/2024\/06\/IMG_2863-rotated-e1718713515632-588x555.jpg 588w, https:\/\/khg-aachen.de\/wp-content\/uploads\/2024\/06\/IMG_2863-rotated-e1718713515632-392x370.jpg 392w, https:\/\/khg-aachen.de\/wp-content\/uploads\/2024\/06\/IMG_2863-rotated-e1718713515632-1200x1132.jpg 1200w, https:\/\/khg-aachen.de\/wp-content\/uploads\/2024\/06\/IMG_2863-rotated-e1718713515632.jpg 1340w\" sizes=\"(max-width: 297px) 100vw, 297px\" \/>  \t  \n  \t  <figcaption class=\"wp-caption-text\">  \t  <\/figcaption>\n  \t  \n  \t    <\/div>\n  <div class=\"post-paragraph-text\">\n\t  <p>\n\n<ul class=\"wp-block-list\">\n<li>Beratung f\u00fcr deutschsprachige und internationale Studierende<\/li>\n\n\n\n<li>Initiator und Ansprechperson f\u00fcr den Arbeitskreis &#8222;Fachkr\u00e4fte connect&#8220;<\/li>\n\n\n\n<li>Ansprechperson f\u00fcr den <a href=\"https:\/\/khg-aachen.de\/index.php\/startseite\/spendenprojekte\/\">KHG-Hilfsfonds<\/a><\/li>\n\n\n\n<li>Interkulturelle Arbeit und Interreligi\u00f6se Gespr\u00e4chsgruppe<\/li>\n<\/ul>\n\n\n\n<p><a href=\"mailto:mr@khg-aachen.de\">mr@khg-aachen.de<\/a> &#8211; 0241\/4700123<\/p>\n\n<\/p>\n  <\/div>\n<\/div>\n\t<\/div>\n\n<div class=\"lazyblock-beitrags-abschnitt-ZsW5A8 wp-block-lazyblock-beitrags-abschnitt\"><div class=\"post-paragraph\">\n  <h2 class=\"post-paragraph-title\" style=\"color:#feed01 !important;\">Matthias Fritz<\/h2>\n  <div class=\"post-paragraph-left-column\">\n    \n    \n  \t    \t  <img loading=\"lazy\" decoding=\"async\" width=\"327\" height=\"280\" src=\"https:\/\/khg-aachen.de\/wp-content\/uploads\/2024\/06\/IMG_2860-rotated-e1718713637292-327x280.jpg\" class=\"post-paragraph-image\" alt=\"\" srcset=\"https:\/\/khg-aachen.de\/wp-content\/uploads\/2024\/06\/IMG_2860-rotated-e1718713637292-327x280.jpg 327w, https:\/\/khg-aachen.de\/wp-content\/uploads\/2024\/06\/IMG_2860-rotated-e1718713637292-300x257.jpg 300w, https:\/\/khg-aachen.de\/wp-content\/uploads\/2024\/06\/IMG_2860-rotated-e1718713637292-1024x877.jpg 1024w, https:\/\/khg-aachen.de\/wp-content\/uploads\/2024\/06\/IMG_2860-rotated-e1718713637292-768x658.jpg 768w, https:\/\/khg-aachen.de\/wp-content\/uploads\/2024\/06\/IMG_2860-rotated-e1718713637292-648x555.jpg 648w, https:\/\/khg-aachen.de\/wp-content\/uploads\/2024\/06\/IMG_2860-rotated-e1718713637292-432x370.jpg 432w, https:\/\/khg-aachen.de\/wp-content\/uploads\/2024\/06\/IMG_2860-rotated-e1718713637292-1200x1028.jpg 1200w, https:\/\/khg-aachen.de\/wp-content\/uploads\/2024\/06\/IMG_2860-rotated-e1718713637292.jpg 1340w\" sizes=\"(max-width: 327px) 100vw, 327px\" \/>  \t  \n  \t  <figcaption class=\"wp-caption-text\">  \t  <\/figcaption>\n  \t  \n  \t    <\/div>\n  <div class=\"post-paragraph-text\">\n\t  <p>\n\n<ul class=\"wp-block-list\">\n<li>Leiter der KHG <\/li>\n\n\n\n<li>Hochschulpfarrer | Sakramente und Pastorales Angebot<\/li>\n\n\n\n<li>Glaubens- und Begleitgespr\u00e4che f\u00fcr Studierende und Hochschulangeh\u00f6rige<\/li>\n<\/ul>\n\n\n\n<p><a href=\"mailto:mf@khg-aachen.de\">mf@khg-aachen.de<\/a> &#8211; 0241\/4700128<\/p>\n\n<\/p>\n  <\/div>\n<\/div>\n\t<\/div>\n\n<div class=\"lazyblock-beitrags-abschnitt-1rEvdb wp-block-lazyblock-beitrags-abschnitt\"><div class=\"post-paragraph\">\n  <h2 class=\"post-paragraph-title\" style=\"color:#0fb918 !important;\">Miriam Daxberger<\/h2>\n  <div class=\"post-paragraph-left-column\">\n    \n    \n  \t    \t  <img loading=\"lazy\" decoding=\"async\" width=\"333\" height=\"280\" src=\"https:\/\/khg-aachen.de\/wp-content\/uploads\/2024\/06\/IMG_2870-rotated-e1718713956672-333x280.jpg\" class=\"post-paragraph-image\" alt=\"\" srcset=\"https:\/\/khg-aachen.de\/wp-content\/uploads\/2024\/06\/IMG_2870-rotated-e1718713956672-333x280.jpg 333w, https:\/\/khg-aachen.de\/wp-content\/uploads\/2024\/06\/IMG_2870-rotated-e1718713956672-300x253.jpg 300w, https:\/\/khg-aachen.de\/wp-content\/uploads\/2024\/06\/IMG_2870-rotated-e1718713956672-1024x862.jpg 1024w, https:\/\/khg-aachen.de\/wp-content\/uploads\/2024\/06\/IMG_2870-rotated-e1718713956672-768x646.jpg 768w, https:\/\/khg-aachen.de\/wp-content\/uploads\/2024\/06\/IMG_2870-rotated-e1718713956672-659x555.jpg 659w, https:\/\/khg-aachen.de\/wp-content\/uploads\/2024\/06\/IMG_2870-rotated-e1718713956672-440x370.jpg 440w, https:\/\/khg-aachen.de\/wp-content\/uploads\/2024\/06\/IMG_2870-rotated-e1718713956672-1200x1010.jpg 1200w, https:\/\/khg-aachen.de\/wp-content\/uploads\/2024\/06\/IMG_2870-rotated-e1718713956672.jpg 1340w\" sizes=\"(max-width: 333px) 100vw, 333px\" \/>  \t  \n  \t  <figcaption class=\"wp-caption-text\">  \t  <\/figcaption>\n  \t  \n  \t    <\/div>\n  <div class=\"post-paragraph-text\">\n\t  <p>\n\n<ul class=\"wp-block-list\">\n<li>Pastorales Angebot an der <a href=\"https:\/\/www.studentenwerk-khg-aachen.de\/de\/kindertagesstaette.html\">Kita H\u00f6fchensweg<\/a><\/li>\n\n\n\n<li>Ansprechperson f\u00fcr die  Cusanusstipendiat*innen und den St\u00e4ndigen Rat<\/li>\n<\/ul>\n\n\n\n<p><a href=\"mailto:md@khg-aachen.de\">md@khg-aachen.de<\/a><\/p>\n\n<\/p>\n  <\/div>\n<\/div>\n\t<\/div>\n\n<div class=\"lazyblock-beitrags-abschnitt-ZpYSoM wp-block-lazyblock-beitrags-abschnitt\"><div class=\"post-paragraph\">\n  <h2 class=\"post-paragraph-title\" style=\"color:#feed01 !important;\">Sabine Raab<\/h2>\n  <div class=\"post-paragraph-left-column\">\n    \n    \n  \t    \t  <img loading=\"lazy\" decoding=\"async\" width=\"334\" height=\"280\" src=\"https:\/\/khg-aachen.de\/wp-content\/uploads\/2025\/07\/Design-ohne-Titel-7-334x280.png\" class=\"post-paragraph-image\" alt=\"\" srcset=\"https:\/\/khg-aachen.de\/wp-content\/uploads\/2025\/07\/Design-ohne-Titel-7-334x280.png 334w, https:\/\/khg-aachen.de\/wp-content\/uploads\/2025\/07\/Design-ohne-Titel-7-300x251.png 300w, https:\/\/khg-aachen.de\/wp-content\/uploads\/2025\/07\/Design-ohne-Titel-7-768x644.png 768w, https:\/\/khg-aachen.de\/wp-content\/uploads\/2025\/07\/Design-ohne-Titel-7-662x555.png 662w, https:\/\/khg-aachen.de\/wp-content\/uploads\/2025\/07\/Design-ohne-Titel-7-441x370.png 441w, https:\/\/khg-aachen.de\/wp-content\/uploads\/2025\/07\/Design-ohne-Titel-7.png 940w\" sizes=\"(max-width: 334px) 100vw, 334px\" \/>  \t  \n  \t  <figcaption class=\"wp-caption-text\">  \t  <\/figcaption>\n  \t  \n  \t    <\/div>\n  <div class=\"post-paragraph-text\">\n\t  <p>\n\n<ul class=\"wp-block-list\">\n<li>Sekretariat<\/li>\n<\/ul>\n\n\n\n<p><a href=\"mailto:rs@khg-aachen.de\">rs@khg-aachen.de<\/a> <\/p>\n\n<\/p>\n  <\/div>\n<\/div>\n\t<\/div>\n<\/div><div class=\"ShariffSC shariff_container\"><div class=\"shariff shariff-align-left shariff-widget-align-left\"><ul class=\"shariff-buttons theme-round orientation-horizontal buttonsize-medium\"><li class=\"shariff-button facebook\" style=\"background-color:#0fb918;border-radius:25%\"><a href=\"https:\/\/www.facebook.com\/sharer\/sharer.php?u=https%3A%2F%2Fkhg-aachen.de%2Findex.php%2Fstartseite%2Fteam-der-hauptamtlichen%2F\" title=\"Bei Facebook teilen\" aria-label=\"Bei Facebook teilen\" role=\"button\" rel=\"nofollow\" class=\"shariff-link\" style=\";border-radius:25%; background-color:#e3001b; color:#fff\" target=\"_blank\"><span class=\"shariff-icon\" style=\"\"><svg width=\"32px\" height=\"20px\" xmlns=\"http:\/\/www.w3.org\/2000\/svg\" viewBox=\"0 0 18 32\"><path fill=\"#3b5998\" d=\"M17.1 0.2v4.7h-2.8q-1.5 0-2.1 0.6t-0.5 1.9v3.4h5.2l-0.7 5.3h-4.5v13.6h-5.5v-13.6h-4.5v-5.3h4.5v-3.9q0-3.3 1.9-5.2t5-1.8q2.6 0 4.1 0.2z\"\/><\/svg><\/span><\/a><\/li><li class=\"shariff-button twitter\" style=\"background-color:#0fb918;border-radius:25%\"><a href=\"https:\/\/twitter.com\/share?url=https%3A%2F%2Fkhg-aachen.de%2Findex.php%2Fstartseite%2Fteam-der-hauptamtlichen%2F&text=MitarbeiterInnen\" title=\"Bei X teilen\" aria-label=\"Bei X teilen\" role=\"button\" rel=\"noopener nofollow\" class=\"shariff-link\" style=\";border-radius:25%; background-color:#e3001b; color:#fff\" target=\"_blank\"><span class=\"shariff-icon\" style=\"\"><svg width=\"32px\" height=\"20px\" xmlns=\"http:\/\/www.w3.org\/2000\/svg\" viewBox=\"0 0 24 24\"><path fill=\"#000\" d=\"M14.258 10.152L23.176 0h-2.113l-7.747 8.813L7.133 0H0l9.352 13.328L0 23.973h2.113l8.176-9.309 6.531 9.309h7.133zm-2.895 3.293l-.949-1.328L2.875 1.56h3.246l6.086 8.523.945 1.328 7.91 11.078h-3.246zm0 0\"\/><\/svg><\/span><\/a><\/li><li class=\"shariff-button reddit\" style=\"background-color:#0fb918;border-radius:25%\"><a href=\"https:\/\/www.reddit.com\/submit?url=https%3A%2F%2Fkhg-aachen.de%2Findex.php%2Fstartseite%2Fteam-der-hauptamtlichen%2F\" title=\"Bei Reddit teilen\" aria-label=\"Bei Reddit teilen\" role=\"button\" rel=\"noopener nofollow\" class=\"shariff-link\" style=\";border-radius:25%; background-color:#e3001b; color:#fff\" target=\"_blank\"><span class=\"shariff-icon\" style=\"\"><svg xmlns=\"http:\/\/www.w3.org\/2000\/svg\" viewBox=\"0 0 512 512\"><path fill=\"#ff4500\" d=\"M440.3 203.5c-15 0-28.2 6.2-37.9 15.9-35.7-24.7-83.8-40.6-137.1-42.3L293 52.3l88.2 19.8c0 21.6 17.6 39.2 39.2 39.2 22 0 39.7-18.1 39.7-39.7s-17.6-39.7-39.7-39.7c-15.4 0-28.7 9.3-35.3 22l-97.4-21.6c-4.9-1.3-9.7 2.2-11 7.1L246.3 177c-52.9 2.2-100.5 18.1-136.3 42.8-9.7-10.1-23.4-16.3-38.4-16.3-55.6 0-73.8 74.6-22.9 100.1-1.8 7.9-2.6 16.3-2.6 24.7 0 83.8 94.4 151.7 210.3 151.7 116.4 0 210.8-67.9 210.8-151.7 0-8.4-.9-17.2-3.1-25.1 49.9-25.6 31.5-99.7-23.8-99.7zM129.4 308.9c0-22 17.6-39.7 39.7-39.7 21.6 0 39.2 17.6 39.2 39.7 0 21.6-17.6 39.2-39.2 39.2-22 .1-39.7-17.6-39.7-39.2zm214.3 93.5c-36.4 36.4-139.1 36.4-175.5 0-4-3.5-4-9.7 0-13.7 3.5-3.5 9.7-3.5 13.2 0 27.8 28.5 120 29 149 0 3.5-3.5 9.7-3.5 13.2 0 4.1 4 4.1 10.2.1 13.7zm-.8-54.2c-21.6 0-39.2-17.6-39.2-39.2 0-22 17.6-39.7 39.2-39.7 22 0 39.7 17.6 39.7 39.7-.1 21.5-17.7 39.2-39.7 39.2z\"\/><\/svg><\/span><\/a><\/li><li class=\"shariff-button telegram\" style=\"background-color:#0fb918;border-radius:25%\"><a href=\"https:\/\/telegram.me\/share\/url?url=https%3A%2F%2Fkhg-aachen.de%2Findex.php%2Fstartseite%2Fteam-der-hauptamtlichen%2F&text=MitarbeiterInnen\" title=\"Bei Telegram teilen\" aria-label=\"Bei Telegram teilen\" role=\"button\" rel=\"noopener nofollow\" class=\"shariff-link\" style=\";border-radius:25%; background-color:#e3001b; color:#fff\" target=\"_blank\"><span class=\"shariff-icon\" style=\"\"><svg width=\"32px\" height=\"20px\" xmlns=\"http:\/\/www.w3.org\/2000\/svg\" viewBox=\"0 0 32 32\"><path fill=\"#0088cc\" d=\"M30.8 6.5l-4.5 21.4c-.3 1.5-1.2 1.9-2.5 1.2L16.9 24l-3.3 3.2c-.4.4-.7.7-1.4.7l.5-7L25.5 9.2c.6-.5-.1-.8-.9-.3l-15.8 10L2 16.7c-1.5-.5-1.5-1.5.3-2.2L28.9 4.3c1.3-.5 2.3.3 1.9 2.2z\"\/><\/svg><\/span><\/a><\/li><li class=\"shariff-button threema shariff-mobile\" style=\"background-color:#0fb918;border-radius:25%\"><a href=\"threema:\/\/compose?text=MitarbeiterInnen%20https%3A%2F%2Fkhg-aachen.de%2Findex.php%2Fstartseite%2Fteam-der-hauptamtlichen%2F\" title=\"Bei Threema teilen\" aria-label=\"Bei Threema teilen\" role=\"button\" rel=\"noopener nofollow\" class=\"shariff-link\" style=\";border-radius:25%; background-color:#e3001b; color:#fff\" target=\"_blank\"><span class=\"shariff-icon\" style=\"\"><svg width=\"32px\" height=\"20px\" xmlns=\"http:\/\/www.w3.org\/2000\/svg\" viewBox=\"0 0 32 32\"><path fill=\"#1f1f1f\" d=\"M30.8 10.9c-0.3-1.4-0.9-2.6-1.8-3.8-2-2.6-5.5-4.5-9.4-5.2-1.3-0.2-1.9-0.3-3.5-0.3s-2.2 0-3.5 0.3c-4 0.7-7.4 2.6-9.4 5.2-0.9 1.2-1.5 2.4-1.8 3.8-0.1 0.5-0.2 1.2-0.2 1.6 0 0.4 0.1 1.1 0.2 1.6 0.4 1.9 1.3 3.4 2.9 5 0.8 0.8 0.8 0.8 0.7 1.3 0 0.6-0.5 1.6-1.7 3.6-0.3 0.5-0.5 0.9-0.5 0.9 0 0.1 0.1 0.1 0.5 0 0.8-0.2 2.3-0.6 5.6-1.6 1.1-0.3 1.3-0.4 2.3-0.4 0.8 0 1.1 0 2.3 0.2 1.5 0.2 3.5 0.2 4.9 0 5.1-0.6 9.3-2.9 11.4-6.3 0.5-0.9 0.9-1.8 1.1-2.8 0.1-0.5 0.2-1.1 0.2-1.6 0-0.7-0.1-1.1-0.2-1.6-0.3-1.4 0.1 0.5 0 0zM20.6 17.3c0 0.4-0.4 0.8-0.8 0.8h-7.7c-0.4 0-0.8-0.4-0.8-0.8v-4.6c0-0.4 0.4-0.8 0.8-0.8h0.2l0-1.6c0-0.9 0-1.8 0.1-2 0.1-0.6 0.6-1.2 1.1-1.7s1.1-0.7 1.9-0.8c1.8-0.3 3.7 0.7 4.2 2.2 0.1 0.3 0.1 0.7 0.1 2.1v0 1.7h0.1c0.4 0 0.8 0.4 0.8 0.8v4.6zM15.6 7.3c-0.5 0.1-0.8 0.3-1.2 0.6s-0.6 0.8-0.7 1.3c0 0.2 0 0.8 0 1.5l0 1.2h4.6v-1.3c0-1 0-1.4-0.1-1.6-0.3-1.1-1.5-1.9-2.6-1.7zM25.8 28.2c0 1.2-1 2.2-2.1 2.2s-2.1-1-2.1-2.1c0-1.2 1-2.1 2.2-2.1s2.2 1 2.2 2.2zM18.1 28.2c0 1.2-1 2.2-2.1 2.2s-2.1-1-2.1-2.1c0-1.2 1-2.1 2.2-2.1s2.2 1 2.2 2.2zM10.4 28.2c0 1.2-1 2.2-2.1 2.2s-2.1-1-2.1-2.1c0-1.2 1-2.1 2.2-2.1s2.2 1 2.2 2.2z\"\/><\/svg><\/span><\/a><\/li><li class=\"shariff-button mailto\" style=\"background-color:#0fb918;border-radius:25%\"><a href=\"mailto:?body=https%3A%2F%2Fkhg-aachen.de%2Findex.php%2Fstartseite%2Fteam-der-hauptamtlichen%2F&subject=MitarbeiterInnen\" title=\"Per E-Mail versenden\" aria-label=\"Per E-Mail versenden\" role=\"button\" rel=\"noopener nofollow\" class=\"shariff-link\" style=\";border-radius:25%; background-color:#e3001b; color:#fff\"><span class=\"shariff-icon\" style=\"\"><svg width=\"32px\" height=\"20px\" xmlns=\"http:\/\/www.w3.org\/2000\/svg\" viewBox=\"0 0 32 32\"><path fill=\"#999\" d=\"M32 12.7v14.2q0 1.2-0.8 2t-2 0.9h-26.3q-1.2 0-2-0.9t-0.8-2v-14.2q0.8 0.9 1.8 1.6 6.5 4.4 8.9 6.1 1 0.8 1.6 1.2t1.7 0.9 2 0.4h0.1q0.9 0 2-0.4t1.7-0.9 1.6-1.2q3-2.2 8.9-6.1 1-0.7 1.8-1.6zM32 7.4q0 1.4-0.9 2.7t-2.2 2.2q-6.7 4.7-8.4 5.8-0.2 0.1-0.7 0.5t-1 0.7-0.9 0.6-1.1 0.5-0.9 0.2h-0.1q-0.4 0-0.9-0.2t-1.1-0.5-0.9-0.6-1-0.7-0.7-0.5q-1.6-1.1-4.7-3.2t-3.6-2.6q-1.1-0.7-2.1-2t-1-2.5q0-1.4 0.7-2.3t2.1-0.9h26.3q1.2 0 2 0.8t0.9 2z\"\/><\/svg><\/span><\/a><\/li><li class=\"shariff-button info\" style=\"background-color:#0fb918;border-radius:25%\"><a href=\"http:\/\/ct.de\/-2467514\" title=\"Weitere Informationen\" aria-label=\"Weitere Informationen\" role=\"button\" rel=\"noopener \" class=\"shariff-link\" style=\";border-radius:25%; background-color:#e3001b; color:#fff\" target=\"_blank\"><span class=\"shariff-icon\" style=\"\"><svg width=\"32px\" height=\"20px\" xmlns=\"http:\/\/www.w3.org\/2000\/svg\" viewBox=\"0 0 11 32\"><path fill=\"#999\" d=\"M11.4 24v2.3q0 0.5-0.3 0.8t-0.8 0.4h-9.1q-0.5 0-0.8-0.4t-0.4-0.8v-2.3q0-0.5 0.4-0.8t0.8-0.4h1.1v-6.8h-1.1q-0.5 0-0.8-0.4t-0.4-0.8v-2.3q0-0.5 0.4-0.8t0.8-0.4h6.8q0.5 0 0.8 0.4t0.4 0.8v10.3h1.1q0.5 0 0.8 0.4t0.3 0.8zM9.2 3.4v3.4q0 0.5-0.4 0.8t-0.8 0.4h-4.6q-0.4 0-0.8-0.4t-0.4-0.8v-3.4q0-0.4 0.4-0.8t0.8-0.4h4.6q0.5 0 0.8 0.4t0.4 0.8z\"\/><\/svg><\/span><\/a><\/li><\/ul><\/div><\/div>","protected":false},"excerpt":{"rendered":"<p>Hauptamtliche MitarbeiterInnen Nach Vornamen sortiert Wenn Du Kontakt zu unserer Studierendenvertretung aufnehmen m\u00f6chtest, kannst du sie \u00fcber sr@khg-aachen.de erreichen.<\/p>\n","protected":false},"author":1,"featured_media":12144,"parent":583,"menu_order":0,"comment_status":"closed","ping_status":"closed","template":"","meta":{"footnotes":""},"class_list":["post-2718","page","type-page","status-publish","has-post-thumbnail","hentry"],"_links":{"self":[{"href":"https:\/\/khg-aachen.de\/index.php\/wp-json\/wp\/v2\/pages\/2718"}],"collection":[{"href":"https:\/\/khg-aachen.de\/index.php\/wp-json\/wp\/v2\/pages"}],"about":[{"href":"https:\/\/khg-aachen.de\/index.php\/wp-json\/wp\/v2\/types\/page"}],"author":[{"embeddable":true,"href":"https:\/\/khg-aachen.de\/index.php\/wp-json\/wp\/v2\/users\/1"}],"replies":[{"embeddable":true,"href":"https:\/\/khg-aachen.de\/index.php\/wp-json\/wp\/v2\/comments?post=2718"}],"version-history":[{"count":66,"href":"https:\/\/khg-aachen.de\/index.php\/wp-json\/wp\/v2\/pages\/2718\/revisions"}],"predecessor-version":[{"id":13717,"href":"https:\/\/khg-aachen.de\/index.php\/wp-json\/wp\/v2\/pages\/2718\/revisions\/13717"}],"up":[{"embeddable":true,"href":"https:\/\/khg-aachen.de\/index.php\/wp-json\/wp\/v2\/pages\/583"}],"wp:featuredmedia":[{"embeddable":true,"href":"https:\/\/khg-aachen.de\/index.php\/wp-json\/wp\/v2\/media\/12144"}],"wp:attachment":[{"href":"https:\/\/khg-aachen.de\/index.php\/wp-json\/wp\/v2\/media?parent=2718"}],"curies":[{"name":"wp","href":"https:\/\/api.w.org\/{rel}","templated":true}]}}