{"id":16,"date":"2020-09-04T07:26:05","date_gmt":"2020-09-04T07:26:05","guid":{"rendered":"https:\/\/test.khg-aachen.de\/?page_id=16"},"modified":"2021-05-31T13:49:55","modified_gmt":"2021-05-31T12:49:55","slug":"wir-ueber-uns-die-khg-aachen","status":"publish","type":"page","link":"https:\/\/khg-aachen.de\/index.php\/startseite\/wir-ueber-uns-die-khg-aachen\/","title":{"rendered":"Wir \u00fcber uns"},"content":{"rendered":"\n<p class=\"has-text-align-center\"><strong>Wir sind Kirche an den Aachener Hochschulen<\/strong><\/p>\n\n\n\n<p class=\"has-text-align-left\">Gemeinsam mit der ESG (Evangelische Studierenden Gemeinde) und dem Quellpunkt (Standort: Campus Melaten) sind wir &#8211; die KHG (Katholische Hochschul-Gemeinde) &#8211; Kirche an den Aachener Hochschulen. Wir sind ansprechbar. Komm vorbei, schreib uns oder ruf an &#8211; und mach Dir selbst ein Bild.<\/p>\n\n\n<div class=\"lazyblock-beitrags-abschnitt-Z1O52IH wp-block-lazyblock-beitrags-abschnitt\"><div class=\"post-paragraph\">\n  <h2 class=\"post-paragraph-title\" style=\"color:#0fb918 !important;\">Wir stellen uns vor<\/h2>\n  <div class=\"post-paragraph-left-column\">\n    \n    \n  \t    <\/div>\n  <div class=\"post-paragraph-text\">\n\t  <p>\n\n<div class=\"su-youtube su-u-responsive-media-yes\"><iframe loading=\"lazy\" width=\"600\" height=\"400\" src=\"https:\/\/www.youtube.com\/embed\/ar3z1fqmcjs?\" frameborder=\"0\" allowfullscreen allow=\"autoplay; encrypted-media; picture-in-picture\" title=\"\"><\/iframe><\/div>\n\n<\/p>\n  <\/div>\n<\/div>\n\t<\/div>\n\n<div class=\"lazyblock-khg-abschnitts-container-Z2saUTX wp-block-lazyblock-khg-abschnitts-container\">\n<div class=\"lazyblock-beitrags-abschnitt-1dQpVu wp-block-lazyblock-beitrags-abschnitt\"><div class=\"post-paragraph\">\n  <h2 class=\"post-paragraph-title\" style=\"color:#0fb918 !important;\">Unser Leitbild<\/h2>\n  <div class=\"post-paragraph-left-column\">\n    \n    \n  \t    \t  <img loading=\"lazy\" decoding=\"async\" width=\"404\" height=\"272\" src=\"https:\/\/khg-aachen.de\/wp-content\/uploads\/2021\/05\/Unbenannt-2-404x272.jpg\" class=\"post-paragraph-image\" alt=\"\" srcset=\"https:\/\/khg-aachen.de\/wp-content\/uploads\/2021\/05\/Unbenannt-2-404x272.jpg 404w, https:\/\/khg-aachen.de\/wp-content\/uploads\/2021\/05\/Unbenannt-2-300x202.jpg 300w, https:\/\/khg-aachen.de\/wp-content\/uploads\/2021\/05\/Unbenannt-2-1024x690.jpg 1024w, https:\/\/khg-aachen.de\/wp-content\/uploads\/2021\/05\/Unbenannt-2-768x517.jpg 768w, https:\/\/khg-aachen.de\/wp-content\/uploads\/2021\/05\/Unbenannt-2-824x555.jpg 824w, https:\/\/khg-aachen.de\/wp-content\/uploads\/2021\/05\/Unbenannt-2-549x370.jpg 549w, https:\/\/khg-aachen.de\/wp-content\/uploads\/2021\/05\/Unbenannt-2-1200x808.jpg 1200w, https:\/\/khg-aachen.de\/wp-content\/uploads\/2021\/05\/Unbenannt-2.jpg 1378w\" sizes=\"(max-width: 404px) 100vw, 404px\" \/>  \t  \n  \t  <figcaption class=\"wp-caption-text\">  \t  <\/figcaption>\n  \t  \n  \t    <\/div>\n  <div class=\"post-paragraph-text\">\n\t  <p>\n\n<blockquote class=\"wp-block-quote is-style-default is-layout-flow wp-block-quote-is-layout-flow\"><p>Die Katholische Hochschulgemeinde ist eine Gemeinschaft suchender und interessierter Menschen an den Aachener Hochschulen.<br>Wir er\u00f6ffnen M\u00f6glichkeiten zu Begegnung und Engagement.<br>Wir bieten Raum zum Gespr\u00e4ch \u00fcber das Leben, die Gesellschaft und unseren Glauben. <br>Wir sind interkulturell gepr\u00e4gt, beteiligen uns am interreligi\u00f6sen Austausch und engagieren uns sozial und kulturell. <br>Wir leben Offenheit und Respekt.<\/p><\/blockquote>\n\n<\/p>\n  <\/div>\n<\/div>\n\t<\/div>\n\n<div class=\"lazyblock-beitrags-abschnitt-27X7K0 wp-block-lazyblock-beitrags-abschnitt\"><div class=\"post-paragraph\">\n  <h2 class=\"post-paragraph-title\" style=\"color:#feed01 !important;\">Verhaltenskodex f\u00fcr die KHG <\/h2>\n  <div class=\"post-paragraph-left-column\">\n    \n    \n  \t    \t  <img loading=\"lazy\" decoding=\"async\" width=\"404\" height=\"280\" src=\"https:\/\/khg-aachen.de\/wp-content\/uploads\/2020\/10\/14-SS_Sebastian-Franke_3-2-404x280.jpg\" class=\"post-paragraph-image\" alt=\"\" srcset=\"https:\/\/khg-aachen.de\/wp-content\/uploads\/2020\/10\/14-SS_Sebastian-Franke_3-2-404x280.jpg 404w, https:\/\/khg-aachen.de\/wp-content\/uploads\/2020\/10\/14-SS_Sebastian-Franke_3-2-300x208.jpg 300w, https:\/\/khg-aachen.de\/wp-content\/uploads\/2020\/10\/14-SS_Sebastian-Franke_3-2-534x370.jpg 534w, https:\/\/khg-aachen.de\/wp-content\/uploads\/2020\/10\/14-SS_Sebastian-Franke_3-2.jpg 606w\" sizes=\"(max-width: 404px) 100vw, 404px\" \/>  \t  \n  \t  <figcaption class=\"wp-caption-text\">Foto: Sebastian Franke  \t  <\/figcaption>\n  \t  \n  \t    <\/div>\n  <div class=\"post-paragraph-text\">\n\t  <p>\n\n<p>Die in der KHG mitarbeitenden Ehren-, Neben- und Hauptamtlichen haben einen Verhaltenskodex vereinbart und unterzeichnet<\/p>\n\n\n\n<p><a href=\"https:\/\/khg-aachen.de\/wp-content\/uploads\/2020\/11\/Verhaltenskodex.pdf\">Verhaltenskodex<\/a><\/p>\n\n\n\n<p>Info: Matthias Fritz &#8211; <a href=\"mailto:mf@khg-aachen.de\">mf@khg-aachen.de<\/a><\/p>\n\n<\/p>\n  <\/div>\n<\/div>\n\t<\/div>\n\n<div class=\"lazyblock-beitrags-abschnitt-147DAR wp-block-lazyblock-beitrags-abschnitt\"><div class=\"post-paragraph\">\n  <h2 class=\"post-paragraph-title\" style=\"color:#0fb918 !important;\">Konzept der Hochschulpastoral im Bistum Aachen<\/h2>\n  <div class=\"post-paragraph-left-column\">\n    \n    \n  \t    \t  <img loading=\"lazy\" decoding=\"async\" width=\"404\" height=\"280\" src=\"https:\/\/khg-aachen.de\/wp-content\/uploads\/2020\/10\/Hochschulpastoral_Jonas_Hoehmann-404x280.jpg\" class=\"post-paragraph-image\" alt=\"\" srcset=\"https:\/\/khg-aachen.de\/wp-content\/uploads\/2020\/10\/Hochschulpastoral_Jonas_Hoehmann-404x280.jpg 404w, https:\/\/khg-aachen.de\/wp-content\/uploads\/2020\/10\/Hochschulpastoral_Jonas_Hoehmann-300x208.jpg 300w, https:\/\/khg-aachen.de\/wp-content\/uploads\/2020\/10\/Hochschulpastoral_Jonas_Hoehmann-534x370.jpg 534w, https:\/\/khg-aachen.de\/wp-content\/uploads\/2020\/10\/Hochschulpastoral_Jonas_Hoehmann.jpg 606w\" sizes=\"(max-width: 404px) 100vw, 404px\" \/>  \t  \n  \t  <figcaption class=\"wp-caption-text\">Foto: Jonas H\u00f6hmann  \t  <\/figcaption>\n  \t  \n  \t    <\/div>\n  <div class=\"post-paragraph-text\">\n\t  <p>\n\n<p>Im November 2012&nbsp; hat Bischof Mussinghoff das Konzept f\u00fcr Hochschulpastoral in Kraft gesetzt.<\/p>\n\n\n\n<p>Zum Download: <a href=\"https:\/\/khg-aachen.de\/wp-content\/uploads\/2020\/11\/konzept-hochschulpastoral-bistum-aachen.pdf\">konzept-hochschulpastoral-bistum-aachen.pdf<\/a><\/p>\n\n<\/p>\n  <\/div>\n<\/div>\n\t<\/div>\n<\/div><div class=\"ShariffSC shariff_container\"><div class=\"shariff shariff-align-flex-start shariff-widget-align-flex-start\"><ul class=\"shariff-buttons theme-round orientation-horizontal buttonsize-medium\"><li class=\"shariff-button facebook\" style=\"background-color:#0fb918;border-radius:25%\"><a href=\"https:\/\/www.facebook.com\/sharer\/sharer.php?u=https%3A%2F%2Fkhg-aachen.de%2Findex.php%2Fstartseite%2Fwir-ueber-uns-die-khg-aachen%2F\" title=\"Bei Facebook teilen\" aria-label=\"Bei Facebook teilen\" role=\"button\" rel=\"nofollow\" class=\"shariff-link\" style=\";border-radius:25%; background-color:#e3001b; color:#fff\" target=\"_blank\"><span class=\"shariff-icon\" style=\"\"><svg width=\"32px\" height=\"20px\" xmlns=\"http:\/\/www.w3.org\/2000\/svg\" viewBox=\"0 0 18 32\"><path fill=\"#3b5998\" d=\"M17.1 0.2v4.7h-2.8q-1.5 0-2.1 0.6t-0.5 1.9v3.4h5.2l-0.7 5.3h-4.5v13.6h-5.5v-13.6h-4.5v-5.3h4.5v-3.9q0-3.3 1.9-5.2t5-1.8q2.6 0 4.1 0.2z\"\/><\/svg><\/span><\/a><\/li><li class=\"shariff-button twitter\" style=\"background-color:#0fb918;border-radius:25%\"><a href=\"https:\/\/twitter.com\/share?url=https%3A%2F%2Fkhg-aachen.de%2Findex.php%2Fstartseite%2Fwir-ueber-uns-die-khg-aachen%2F&text=Wir%20%C3%BCber%20uns\" title=\"Bei X teilen\" aria-label=\"Bei X teilen\" role=\"button\" rel=\"noopener nofollow\" class=\"shariff-link\" style=\";border-radius:25%; background-color:#e3001b; color:#fff\" target=\"_blank\"><span class=\"shariff-icon\" style=\"\"><svg width=\"32px\" height=\"20px\" xmlns=\"http:\/\/www.w3.org\/2000\/svg\" viewBox=\"0 0 24 24\"><path fill=\"#000\" d=\"M14.258 10.152L23.176 0h-2.113l-7.747 8.813L7.133 0H0l9.352 13.328L0 23.973h2.113l8.176-9.309 6.531 9.309h7.133zm-2.895 3.293l-.949-1.328L2.875 1.56h3.246l6.086 8.523.945 1.328 7.91 11.078h-3.246zm0 0\"\/><\/svg><\/span><\/a><\/li><li class=\"shariff-button reddit\" style=\"background-color:#0fb918;border-radius:25%\"><a href=\"https:\/\/www.reddit.com\/submit?url=https%3A%2F%2Fkhg-aachen.de%2Findex.php%2Fstartseite%2Fwir-ueber-uns-die-khg-aachen%2F\" title=\"Bei Reddit teilen\" aria-label=\"Bei Reddit teilen\" role=\"button\" rel=\"noopener nofollow\" class=\"shariff-link\" style=\";border-radius:25%; background-color:#e3001b; color:#fff\" target=\"_blank\"><span class=\"shariff-icon\" style=\"\"><svg xmlns=\"http:\/\/www.w3.org\/2000\/svg\" viewBox=\"0 0 512 512\"><path fill=\"#ff4500\" d=\"M440.3 203.5c-15 0-28.2 6.2-37.9 15.9-35.7-24.7-83.8-40.6-137.1-42.3L293 52.3l88.2 19.8c0 21.6 17.6 39.2 39.2 39.2 22 0 39.7-18.1 39.7-39.7s-17.6-39.7-39.7-39.7c-15.4 0-28.7 9.3-35.3 22l-97.4-21.6c-4.9-1.3-9.7 2.2-11 7.1L246.3 177c-52.9 2.2-100.5 18.1-136.3 42.8-9.7-10.1-23.4-16.3-38.4-16.3-55.6 0-73.8 74.6-22.9 100.1-1.8 7.9-2.6 16.3-2.6 24.7 0 83.8 94.4 151.7 210.3 151.7 116.4 0 210.8-67.9 210.8-151.7 0-8.4-.9-17.2-3.1-25.1 49.9-25.6 31.5-99.7-23.8-99.7zM129.4 308.9c0-22 17.6-39.7 39.7-39.7 21.6 0 39.2 17.6 39.2 39.7 0 21.6-17.6 39.2-39.2 39.2-22 .1-39.7-17.6-39.7-39.2zm214.3 93.5c-36.4 36.4-139.1 36.4-175.5 0-4-3.5-4-9.7 0-13.7 3.5-3.5 9.7-3.5 13.2 0 27.8 28.5 120 29 149 0 3.5-3.5 9.7-3.5 13.2 0 4.1 4 4.1 10.2.1 13.7zm-.8-54.2c-21.6 0-39.2-17.6-39.2-39.2 0-22 17.6-39.7 39.2-39.7 22 0 39.7 17.6 39.7 39.7-.1 21.5-17.7 39.2-39.7 39.2z\"\/><\/svg><\/span><\/a><\/li><li class=\"shariff-button telegram\" style=\"background-color:#0fb918;border-radius:25%\"><a href=\"https:\/\/telegram.me\/share\/url?url=https%3A%2F%2Fkhg-aachen.de%2Findex.php%2Fstartseite%2Fwir-ueber-uns-die-khg-aachen%2F&text=Wir%20%C3%BCber%20uns\" title=\"Bei Telegram teilen\" aria-label=\"Bei Telegram teilen\" role=\"button\" rel=\"noopener nofollow\" class=\"shariff-link\" style=\";border-radius:25%; background-color:#e3001b; color:#fff\" target=\"_blank\"><span class=\"shariff-icon\" style=\"\"><svg width=\"32px\" height=\"20px\" xmlns=\"http:\/\/www.w3.org\/2000\/svg\" viewBox=\"0 0 32 32\"><path fill=\"#0088cc\" d=\"M30.8 6.5l-4.5 21.4c-.3 1.5-1.2 1.9-2.5 1.2L16.9 24l-3.3 3.2c-.4.4-.7.7-1.4.7l.5-7L25.5 9.2c.6-.5-.1-.8-.9-.3l-15.8 10L2 16.7c-1.5-.5-1.5-1.5.3-2.2L28.9 4.3c1.3-.5 2.3.3 1.9 2.2z\"\/><\/svg><\/span><\/a><\/li><li class=\"shariff-button threema shariff-mobile\" style=\"background-color:#0fb918;border-radius:25%\"><a href=\"threema:\/\/compose?text=Wir%20%C3%BCber%20uns%20https%3A%2F%2Fkhg-aachen.de%2Findex.php%2Fstartseite%2Fwir-ueber-uns-die-khg-aachen%2F\" title=\"Bei Threema teilen\" aria-label=\"Bei Threema teilen\" role=\"button\" rel=\"noopener nofollow\" class=\"shariff-link\" style=\";border-radius:25%; background-color:#e3001b; color:#fff\" target=\"_blank\"><span class=\"shariff-icon\" style=\"\"><svg width=\"32px\" height=\"20px\" xmlns=\"http:\/\/www.w3.org\/2000\/svg\" viewBox=\"0 0 32 32\"><path fill=\"#1f1f1f\" d=\"M30.8 10.9c-0.3-1.4-0.9-2.6-1.8-3.8-2-2.6-5.5-4.5-9.4-5.2-1.3-0.2-1.9-0.3-3.5-0.3s-2.2 0-3.5 0.3c-4 0.7-7.4 2.6-9.4 5.2-0.9 1.2-1.5 2.4-1.8 3.8-0.1 0.5-0.2 1.2-0.2 1.6 0 0.4 0.1 1.1 0.2 1.6 0.4 1.9 1.3 3.4 2.9 5 0.8 0.8 0.8 0.8 0.7 1.3 0 0.6-0.5 1.6-1.7 3.6-0.3 0.5-0.5 0.9-0.5 0.9 0 0.1 0.1 0.1 0.5 0 0.8-0.2 2.3-0.6 5.6-1.6 1.1-0.3 1.3-0.4 2.3-0.4 0.8 0 1.1 0 2.3 0.2 1.5 0.2 3.5 0.2 4.9 0 5.1-0.6 9.3-2.9 11.4-6.3 0.5-0.9 0.9-1.8 1.1-2.8 0.1-0.5 0.2-1.1 0.2-1.6 0-0.7-0.1-1.1-0.2-1.6-0.3-1.4 0.1 0.5 0 0zM20.6 17.3c0 0.4-0.4 0.8-0.8 0.8h-7.7c-0.4 0-0.8-0.4-0.8-0.8v-4.6c0-0.4 0.4-0.8 0.8-0.8h0.2l0-1.6c0-0.9 0-1.8 0.1-2 0.1-0.6 0.6-1.2 1.1-1.7s1.1-0.7 1.9-0.8c1.8-0.3 3.7 0.7 4.2 2.2 0.1 0.3 0.1 0.7 0.1 2.1v0 1.7h0.1c0.4 0 0.8 0.4 0.8 0.8v4.6zM15.6 7.3c-0.5 0.1-0.8 0.3-1.2 0.6s-0.6 0.8-0.7 1.3c0 0.2 0 0.8 0 1.5l0 1.2h4.6v-1.3c0-1 0-1.4-0.1-1.6-0.3-1.1-1.5-1.9-2.6-1.7zM25.8 28.2c0 1.2-1 2.2-2.1 2.2s-2.1-1-2.1-2.1c0-1.2 1-2.1 2.2-2.1s2.2 1 2.2 2.2zM18.1 28.2c0 1.2-1 2.2-2.1 2.2s-2.1-1-2.1-2.1c0-1.2 1-2.1 2.2-2.1s2.2 1 2.2 2.2zM10.4 28.2c0 1.2-1 2.2-2.1 2.2s-2.1-1-2.1-2.1c0-1.2 1-2.1 2.2-2.1s2.2 1 2.2 2.2z\"\/><\/svg><\/span><\/a><\/li><li class=\"shariff-button mailto\" style=\"background-color:#0fb918;border-radius:25%\"><a href=\"mailto:?body=https%3A%2F%2Fkhg-aachen.de%2Findex.php%2Fstartseite%2Fwir-ueber-uns-die-khg-aachen%2F&subject=Wir%20%C3%BCber%20uns\" title=\"Per E-Mail versenden\" aria-label=\"Per E-Mail versenden\" role=\"button\" rel=\"noopener nofollow\" class=\"shariff-link\" style=\";border-radius:25%; background-color:#e3001b; color:#fff\"><span class=\"shariff-icon\" style=\"\"><svg width=\"32px\" height=\"20px\" xmlns=\"http:\/\/www.w3.org\/2000\/svg\" viewBox=\"0 0 32 32\"><path fill=\"#999\" d=\"M32 12.7v14.2q0 1.2-0.8 2t-2 0.9h-26.3q-1.2 0-2-0.9t-0.8-2v-14.2q0.8 0.9 1.8 1.6 6.5 4.4 8.9 6.1 1 0.8 1.6 1.2t1.7 0.9 2 0.4h0.1q0.9 0 2-0.4t1.7-0.9 1.6-1.2q3-2.2 8.9-6.1 1-0.7 1.8-1.6zM32 7.4q0 1.4-0.9 2.7t-2.2 2.2q-6.7 4.7-8.4 5.8-0.2 0.1-0.7 0.5t-1 0.7-0.9 0.6-1.1 0.5-0.9 0.2h-0.1q-0.4 0-0.9-0.2t-1.1-0.5-0.9-0.6-1-0.7-0.7-0.5q-1.6-1.1-4.7-3.2t-3.6-2.6q-1.1-0.7-2.1-2t-1-2.5q0-1.4 0.7-2.3t2.1-0.9h26.3q1.2 0 2 0.8t0.9 2z\"\/><\/svg><\/span><\/a><\/li><li class=\"shariff-button info\" style=\"background-color:#0fb918;border-radius:25%\"><a href=\"http:\/\/ct.de\/-2467514\" title=\"Weitere Informationen\" aria-label=\"Weitere Informationen\" role=\"button\" rel=\"noopener \" class=\"shariff-link\" style=\";border-radius:25%; background-color:#e3001b; color:#fff\" target=\"_blank\"><span class=\"shariff-icon\" style=\"\"><svg width=\"32px\" height=\"20px\" xmlns=\"http:\/\/www.w3.org\/2000\/svg\" viewBox=\"0 0 11 32\"><path fill=\"#999\" d=\"M11.4 24v2.3q0 0.5-0.3 0.8t-0.8 0.4h-9.1q-0.5 0-0.8-0.4t-0.4-0.8v-2.3q0-0.5 0.4-0.8t0.8-0.4h1.1v-6.8h-1.1q-0.5 0-0.8-0.4t-0.4-0.8v-2.3q0-0.5 0.4-0.8t0.8-0.4h6.8q0.5 0 0.8 0.4t0.4 0.8v10.3h1.1q0.5 0 0.8 0.4t0.3 0.8zM9.2 3.4v3.4q0 0.5-0.4 0.8t-0.8 0.4h-4.6q-0.4 0-0.8-0.4t-0.4-0.8v-3.4q0-0.4 0.4-0.8t0.8-0.4h4.6q0.5 0 0.8 0.4t0.4 0.8z\"\/><\/svg><\/span><\/a><\/li><\/ul><\/div><\/div>","protected":false},"excerpt":{"rendered":"<p>Wir sind Kirche an den Aachener Hochschulen Gemeinsam mit der ESG (Evangelische Studierenden Gemeinde) und dem Quellpunkt (Standort: Campus Melaten) sind wir &#8211; die KHG (Katholische Hochschul-Gemeinde) &#8211; Kirche an den Aachener Hochschulen. Wir sind ansprechbar. Komm vorbei, schreib uns oder ruf an &#8211; und mach Dir selbst ein Bild.<\/p>\n","protected":false},"author":1,"featured_media":0,"parent":583,"menu_order":0,"comment_status":"closed","ping_status":"closed","template":"","meta":{"footnotes":""},"class_list":["post-16","page","type-page","status-publish","hentry"],"_links":{"self":[{"href":"https:\/\/khg-aachen.de\/index.php\/wp-json\/wp\/v2\/pages\/16"}],"collection":[{"href":"https:\/\/khg-aachen.de\/index.php\/wp-json\/wp\/v2\/pages"}],"about":[{"href":"https:\/\/khg-aachen.de\/index.php\/wp-json\/wp\/v2\/types\/page"}],"author":[{"embeddable":true,"href":"https:\/\/khg-aachen.de\/index.php\/wp-json\/wp\/v2\/users\/1"}],"replies":[{"embeddable":true,"href":"https:\/\/khg-aachen.de\/index.php\/wp-json\/wp\/v2\/comments?post=16"}],"version-history":[{"count":15,"href":"https:\/\/khg-aachen.de\/index.php\/wp-json\/wp\/v2\/pages\/16\/revisions"}],"predecessor-version":[{"id":5145,"href":"https:\/\/khg-aachen.de\/index.php\/wp-json\/wp\/v2\/pages\/16\/revisions\/5145"}],"up":[{"embeddable":true,"href":"https:\/\/khg-aachen.de\/index.php\/wp-json\/wp\/v2\/pages\/583"}],"wp:attachment":[{"href":"https:\/\/khg-aachen.de\/index.php\/wp-json\/wp\/v2\/media?parent=16"}],"curies":[{"name":"wp","href":"https:\/\/api.w.org\/{rel}","templated":true}]}}