{"id":13755,"date":"2026-05-04T13:56:00","date_gmt":"2026-05-04T12:56:00","guid":{"rendered":"https:\/\/khg-aachen.de\/?page_id=13755"},"modified":"2026-05-04T14:01:08","modified_gmt":"2026-05-04T13:01:08","slug":"fachkraefte-connect","status":"publish","type":"page","link":"https:\/\/khg-aachen.de\/index.php\/startseite\/fachkraefte-connect\/","title":{"rendered":"Fachkr\u00e4fte connect"},"content":{"rendered":"\n<p>WER sind wir?<\/p>\n\n\n\n<p><strong>Fachkr\u00e4fte Connect \u2013 eine freie Initiative vieler Akteur*innen aus der Stadt und der\u00a0St\u00e4dteRegion Aachen: wir arbeiten an einer \u00d6ffnung f\u00fcr kulturelle Vielfalt! Uns liegt das\u00a0Zusammenleben und \u2013arbeiten hier zur pers\u00f6nlichen und auch wirtschaftlichen\u00a0Bereicherung aller am Herzen! Insbesondere m\u00f6chten wir Rahmenbedingungen verbessern,\u00a0um die Region f\u00fcr ausl\u00e4ndische Arbeitskr\u00e4fte attraktiv zu gestalten.<\/strong><\/p>\n\n\n\n<p>Zusammenschluss von Vertreter*innen folgender Firmen\/Einrichtungen\/Organisationen\/Beh\u00f6rden\/Hochschulen\/politisch und\u00a0sozial engagierter Personen:<\/p>\n\n\n\n<ul class=\"wp-block-list\">\n<li>Nesseler Bau, Elektrik Art, Restaurant AKL, Deubner Bau, Caf\u00e9 Lammersk\u00f6tter, REWE&nbsp;<\/li>\n\n\n\n<li>Stenten, ModuleWorks, Exapt, Universit\u00e4tsklinikum Aachen, Margarethe Eichholz Heim&nbsp;<\/li>\n\n\n\n<li>Aachen, Regionaler Caritasverband Aachen, Bistum Aachen, Seniorenheim und Hospiz Haus&nbsp;<\/li>\n\n\n\n<li>H\u00f6rn, T\u00fcr\u00f6ffner e.V. W\u00fcrselen, Freiwilligenagentur Aachen, Caf\u00e9 Zuflucht Aachen, BEGECA,&nbsp;<\/li>\n\n\n\n<li>Schreinerei Zweimeterzwei Herzogenrath, Nailis Design, Sprachenakademie Aachen,<\/li>\n\n\n\n<li>Landmarken, RWTH Aachen, FH Aachen, Association of Indian Students in Aachen (AISA),&nbsp;<\/li>\n\n\n\n<li>Agentur f\u00fcr Arbeit, Jobcenter der St\u00e4dteRegion Aachen, Integrationsagentur Alsdorf, Stadt&nbsp;<\/li>\n\n\n\n<li>Aachen, St\u00e4dteRegion Aachen, Feuerwehr Aachen, VHS Aachen, IHK und HWK sowie&nbsp;<\/li>\n\n\n\n<li>einiger in Politik und Gesellschaft engagierter Personen<\/li>\n<\/ul>\n\n\n\n<p>Fachkr\u00e4fte Connect \u2013 eine freie Initiative vieler Akteur*innen aus der Stadt und der\u00a0St\u00e4dteRegion Aachen: wir arbeiten an einer \u00d6ffnung f\u00fcr kulturelle Vielfalt! Uns liegt das\u00a0Zusammenleben und \u2013arbeiten hier zur pers\u00f6nlichen und auch wirtschaftlichen\u00a0Bereicherung aller am Herzen! Insbesondere m\u00f6chten wir Rahmenbedingungen verbessern,\u00a0um die Region f\u00fcr ausl\u00e4ndische Arbeitskr\u00e4fte attraktiv zu gestalten.<\/p>\n\n\n\n<p>Kontakt in der KHG<\/p>\n\n\n\n<p>Markus Reissen und Johanna R\u00f6per<\/p>\n\n\n\n<p><a href=\"mailto:mr@khg-aachen.de\">mr@khg-aachen.de<\/a> <a href=\"mailto:jr@khg-aachen.de\">jr@khg-aachen.de<\/a><\/p>\n<div class=\"ShariffSC shariff_container\"><div class=\"shariff shariff-align-left shariff-widget-align-left\"><ul class=\"shariff-buttons theme-round orientation-horizontal buttonsize-medium\"><li class=\"shariff-button facebook\" style=\"background-color:#0fb918;border-radius:25%\"><a href=\"https:\/\/www.facebook.com\/sharer\/sharer.php?u=https%3A%2F%2Fkhg-aachen.de%2Findex.php%2Fstartseite%2Ffachkraefte-connect%2F\" title=\"Bei Facebook teilen\" aria-label=\"Bei Facebook teilen\" role=\"button\" rel=\"nofollow\" class=\"shariff-link\" style=\";border-radius:25%; background-color:#e3001b; color:#fff\" target=\"_blank\"><span class=\"shariff-icon\" style=\"\"><svg width=\"32px\" height=\"20px\" xmlns=\"http:\/\/www.w3.org\/2000\/svg\" viewBox=\"0 0 18 32\"><path fill=\"#3b5998\" d=\"M17.1 0.2v4.7h-2.8q-1.5 0-2.1 0.6t-0.5 1.9v3.4h5.2l-0.7 5.3h-4.5v13.6h-5.5v-13.6h-4.5v-5.3h4.5v-3.9q0-3.3 1.9-5.2t5-1.8q2.6 0 4.1 0.2z\"\/><\/svg><\/span><\/a><\/li><li class=\"shariff-button twitter\" style=\"background-color:#0fb918;border-radius:25%\"><a href=\"https:\/\/twitter.com\/share?url=https%3A%2F%2Fkhg-aachen.de%2Findex.php%2Fstartseite%2Ffachkraefte-connect%2F&text=Fachkr%C3%A4fte%20connect\" title=\"Bei X teilen\" aria-label=\"Bei X teilen\" role=\"button\" rel=\"noopener nofollow\" class=\"shariff-link\" style=\";border-radius:25%; background-color:#e3001b; color:#fff\" target=\"_blank\"><span class=\"shariff-icon\" style=\"\"><svg width=\"32px\" height=\"20px\" xmlns=\"http:\/\/www.w3.org\/2000\/svg\" viewBox=\"0 0 24 24\"><path fill=\"#000\" d=\"M14.258 10.152L23.176 0h-2.113l-7.747 8.813L7.133 0H0l9.352 13.328L0 23.973h2.113l8.176-9.309 6.531 9.309h7.133zm-2.895 3.293l-.949-1.328L2.875 1.56h3.246l6.086 8.523.945 1.328 7.91 11.078h-3.246zm0 0\"\/><\/svg><\/span><\/a><\/li><li class=\"shariff-button reddit\" style=\"background-color:#0fb918;border-radius:25%\"><a href=\"https:\/\/www.reddit.com\/submit?url=https%3A%2F%2Fkhg-aachen.de%2Findex.php%2Fstartseite%2Ffachkraefte-connect%2F\" title=\"Bei Reddit teilen\" aria-label=\"Bei Reddit teilen\" role=\"button\" rel=\"noopener nofollow\" class=\"shariff-link\" style=\";border-radius:25%; background-color:#e3001b; color:#fff\" target=\"_blank\"><span class=\"shariff-icon\" style=\"\"><svg xmlns=\"http:\/\/www.w3.org\/2000\/svg\" viewBox=\"0 0 512 512\"><path fill=\"#ff4500\" d=\"M440.3 203.5c-15 0-28.2 6.2-37.9 15.9-35.7-24.7-83.8-40.6-137.1-42.3L293 52.3l88.2 19.8c0 21.6 17.6 39.2 39.2 39.2 22 0 39.7-18.1 39.7-39.7s-17.6-39.7-39.7-39.7c-15.4 0-28.7 9.3-35.3 22l-97.4-21.6c-4.9-1.3-9.7 2.2-11 7.1L246.3 177c-52.9 2.2-100.5 18.1-136.3 42.8-9.7-10.1-23.4-16.3-38.4-16.3-55.6 0-73.8 74.6-22.9 100.1-1.8 7.9-2.6 16.3-2.6 24.7 0 83.8 94.4 151.7 210.3 151.7 116.4 0 210.8-67.9 210.8-151.7 0-8.4-.9-17.2-3.1-25.1 49.9-25.6 31.5-99.7-23.8-99.7zM129.4 308.9c0-22 17.6-39.7 39.7-39.7 21.6 0 39.2 17.6 39.2 39.7 0 21.6-17.6 39.2-39.2 39.2-22 .1-39.7-17.6-39.7-39.2zm214.3 93.5c-36.4 36.4-139.1 36.4-175.5 0-4-3.5-4-9.7 0-13.7 3.5-3.5 9.7-3.5 13.2 0 27.8 28.5 120 29 149 0 3.5-3.5 9.7-3.5 13.2 0 4.1 4 4.1 10.2.1 13.7zm-.8-54.2c-21.6 0-39.2-17.6-39.2-39.2 0-22 17.6-39.7 39.2-39.7 22 0 39.7 17.6 39.7 39.7-.1 21.5-17.7 39.2-39.7 39.2z\"\/><\/svg><\/span><\/a><\/li><li class=\"shariff-button telegram\" style=\"background-color:#0fb918;border-radius:25%\"><a href=\"https:\/\/telegram.me\/share\/url?url=https%3A%2F%2Fkhg-aachen.de%2Findex.php%2Fstartseite%2Ffachkraefte-connect%2F&text=Fachkr%C3%A4fte%20connect\" title=\"Bei Telegram teilen\" aria-label=\"Bei Telegram teilen\" role=\"button\" rel=\"noopener nofollow\" class=\"shariff-link\" style=\";border-radius:25%; background-color:#e3001b; color:#fff\" target=\"_blank\"><span class=\"shariff-icon\" style=\"\"><svg width=\"32px\" height=\"20px\" xmlns=\"http:\/\/www.w3.org\/2000\/svg\" viewBox=\"0 0 32 32\"><path fill=\"#0088cc\" d=\"M30.8 6.5l-4.5 21.4c-.3 1.5-1.2 1.9-2.5 1.2L16.9 24l-3.3 3.2c-.4.4-.7.7-1.4.7l.5-7L25.5 9.2c.6-.5-.1-.8-.9-.3l-15.8 10L2 16.7c-1.5-.5-1.5-1.5.3-2.2L28.9 4.3c1.3-.5 2.3.3 1.9 2.2z\"\/><\/svg><\/span><\/a><\/li><li class=\"shariff-button threema shariff-mobile\" style=\"background-color:#0fb918;border-radius:25%\"><a href=\"threema:\/\/compose?text=Fachkr%C3%A4fte%20connect%20https%3A%2F%2Fkhg-aachen.de%2Findex.php%2Fstartseite%2Ffachkraefte-connect%2F\" title=\"Bei Threema teilen\" aria-label=\"Bei Threema teilen\" role=\"button\" rel=\"noopener nofollow\" class=\"shariff-link\" style=\";border-radius:25%; background-color:#e3001b; color:#fff\" target=\"_blank\"><span class=\"shariff-icon\" style=\"\"><svg width=\"32px\" height=\"20px\" xmlns=\"http:\/\/www.w3.org\/2000\/svg\" viewBox=\"0 0 32 32\"><path fill=\"#1f1f1f\" d=\"M30.8 10.9c-0.3-1.4-0.9-2.6-1.8-3.8-2-2.6-5.5-4.5-9.4-5.2-1.3-0.2-1.9-0.3-3.5-0.3s-2.2 0-3.5 0.3c-4 0.7-7.4 2.6-9.4 5.2-0.9 1.2-1.5 2.4-1.8 3.8-0.1 0.5-0.2 1.2-0.2 1.6 0 0.4 0.1 1.1 0.2 1.6 0.4 1.9 1.3 3.4 2.9 5 0.8 0.8 0.8 0.8 0.7 1.3 0 0.6-0.5 1.6-1.7 3.6-0.3 0.5-0.5 0.9-0.5 0.9 0 0.1 0.1 0.1 0.5 0 0.8-0.2 2.3-0.6 5.6-1.6 1.1-0.3 1.3-0.4 2.3-0.4 0.8 0 1.1 0 2.3 0.2 1.5 0.2 3.5 0.2 4.9 0 5.1-0.6 9.3-2.9 11.4-6.3 0.5-0.9 0.9-1.8 1.1-2.8 0.1-0.5 0.2-1.1 0.2-1.6 0-0.7-0.1-1.1-0.2-1.6-0.3-1.4 0.1 0.5 0 0zM20.6 17.3c0 0.4-0.4 0.8-0.8 0.8h-7.7c-0.4 0-0.8-0.4-0.8-0.8v-4.6c0-0.4 0.4-0.8 0.8-0.8h0.2l0-1.6c0-0.9 0-1.8 0.1-2 0.1-0.6 0.6-1.2 1.1-1.7s1.1-0.7 1.9-0.8c1.8-0.3 3.7 0.7 4.2 2.2 0.1 0.3 0.1 0.7 0.1 2.1v0 1.7h0.1c0.4 0 0.8 0.4 0.8 0.8v4.6zM15.6 7.3c-0.5 0.1-0.8 0.3-1.2 0.6s-0.6 0.8-0.7 1.3c0 0.2 0 0.8 0 1.5l0 1.2h4.6v-1.3c0-1 0-1.4-0.1-1.6-0.3-1.1-1.5-1.9-2.6-1.7zM25.8 28.2c0 1.2-1 2.2-2.1 2.2s-2.1-1-2.1-2.1c0-1.2 1-2.1 2.2-2.1s2.2 1 2.2 2.2zM18.1 28.2c0 1.2-1 2.2-2.1 2.2s-2.1-1-2.1-2.1c0-1.2 1-2.1 2.2-2.1s2.2 1 2.2 2.2zM10.4 28.2c0 1.2-1 2.2-2.1 2.2s-2.1-1-2.1-2.1c0-1.2 1-2.1 2.2-2.1s2.2 1 2.2 2.2z\"\/><\/svg><\/span><\/a><\/li><li class=\"shariff-button mailto\" style=\"background-color:#0fb918;border-radius:25%\"><a href=\"mailto:?body=https%3A%2F%2Fkhg-aachen.de%2Findex.php%2Fstartseite%2Ffachkraefte-connect%2F&subject=Fachkr%C3%A4fte%20connect\" title=\"Per E-Mail versenden\" aria-label=\"Per E-Mail versenden\" role=\"button\" rel=\"noopener nofollow\" class=\"shariff-link\" style=\";border-radius:25%; background-color:#e3001b; color:#fff\"><span class=\"shariff-icon\" style=\"\"><svg width=\"32px\" height=\"20px\" xmlns=\"http:\/\/www.w3.org\/2000\/svg\" viewBox=\"0 0 32 32\"><path fill=\"#999\" d=\"M32 12.7v14.2q0 1.2-0.8 2t-2 0.9h-26.3q-1.2 0-2-0.9t-0.8-2v-14.2q0.8 0.9 1.8 1.6 6.5 4.4 8.9 6.1 1 0.8 1.6 1.2t1.7 0.9 2 0.4h0.1q0.9 0 2-0.4t1.7-0.9 1.6-1.2q3-2.2 8.9-6.1 1-0.7 1.8-1.6zM32 7.4q0 1.4-0.9 2.7t-2.2 2.2q-6.7 4.7-8.4 5.8-0.2 0.1-0.7 0.5t-1 0.7-0.9 0.6-1.1 0.5-0.9 0.2h-0.1q-0.4 0-0.9-0.2t-1.1-0.5-0.9-0.6-1-0.7-0.7-0.5q-1.6-1.1-4.7-3.2t-3.6-2.6q-1.1-0.7-2.1-2t-1-2.5q0-1.4 0.7-2.3t2.1-0.9h26.3q1.2 0 2 0.8t0.9 2z\"\/><\/svg><\/span><\/a><\/li><li class=\"shariff-button info\" style=\"background-color:#0fb918;border-radius:25%\"><a href=\"http:\/\/ct.de\/-2467514\" title=\"Weitere Informationen\" aria-label=\"Weitere Informationen\" role=\"button\" rel=\"noopener \" class=\"shariff-link\" style=\";border-radius:25%; background-color:#e3001b; color:#fff\" target=\"_blank\"><span class=\"shariff-icon\" style=\"\"><svg width=\"32px\" height=\"20px\" xmlns=\"http:\/\/www.w3.org\/2000\/svg\" viewBox=\"0 0 11 32\"><path fill=\"#999\" d=\"M11.4 24v2.3q0 0.5-0.3 0.8t-0.8 0.4h-9.1q-0.5 0-0.8-0.4t-0.4-0.8v-2.3q0-0.5 0.4-0.8t0.8-0.4h1.1v-6.8h-1.1q-0.5 0-0.8-0.4t-0.4-0.8v-2.3q0-0.5 0.4-0.8t0.8-0.4h6.8q0.5 0 0.8 0.4t0.4 0.8v10.3h1.1q0.5 0 0.8 0.4t0.3 0.8zM9.2 3.4v3.4q0 0.5-0.4 0.8t-0.8 0.4h-4.6q-0.4 0-0.8-0.4t-0.4-0.8v-3.4q0-0.4 0.4-0.8t0.8-0.4h4.6q0.5 0 0.8 0.4t0.4 0.8z\"\/><\/svg><\/span><\/a><\/li><\/ul><\/div><\/div>","protected":false},"excerpt":{"rendered":"<p>WER sind wir? Fachkr\u00e4fte Connect \u2013 eine freie Initiative vieler Akteur*innen aus der Stadt und der\u00a0St\u00e4dteRegion Aachen: wir arbeiten an einer \u00d6ffnung f\u00fcr kulturelle Vielfalt! Uns liegt das\u00a0Zusammenleben und \u2013arbeiten hier zur pers\u00f6nlichen und auch wirtschaftlichen\u00a0Bereicherung aller am Herzen! Insbesondere m\u00f6chten wir Rahmenbedingungen verbessern,\u00a0um die Region f\u00fcr ausl\u00e4ndische Arbeitskr\u00e4fte attraktiv zu gestalten. Zusammenschluss von Vertreter*innen folgender Firmen\/Einrichtungen\/Organisationen\/Beh\u00f6rden\/Hochschulen\/politisch und\u00a0sozial engagierter Personen: Fachkr\u00e4fte Connect \u2013 eine freie Initiative vieler Akteur*innen aus der Stadt und der\u00a0St\u00e4dteRegion Aachen: wir arbeiten an einer \u00d6ffnung f\u00fcr kulturelle Vielfalt! Uns liegt das\u00a0Zusammenleben und \u2013arbeiten hier zur pers\u00f6nlichen und auch wirtschaftlichen\u00a0Bereicherung aller am Herzen! Insbesondere m\u00f6chten wir Rahmenbedingungen verbessern,\u00a0um die Region f\u00fcr ausl\u00e4ndische Arbeitskr\u00e4fte attraktiv zu gestalten. Kontakt in der KHG Markus Reissen und Johanna R\u00f6per mr@khg-aachen.de jr@khg-aachen.de<\/p>\n","protected":false},"author":8,"featured_media":0,"parent":583,"menu_order":0,"comment_status":"closed","ping_status":"closed","template":"","meta":{"footnotes":""},"class_list":["post-13755","page","type-page","status-publish","hentry"],"_links":{"self":[{"href":"https:\/\/khg-aachen.de\/index.php\/wp-json\/wp\/v2\/pages\/13755"}],"collection":[{"href":"https:\/\/khg-aachen.de\/index.php\/wp-json\/wp\/v2\/pages"}],"about":[{"href":"https:\/\/khg-aachen.de\/index.php\/wp-json\/wp\/v2\/types\/page"}],"author":[{"embeddable":true,"href":"https:\/\/khg-aachen.de\/index.php\/wp-json\/wp\/v2\/users\/8"}],"replies":[{"embeddable":true,"href":"https:\/\/khg-aachen.de\/index.php\/wp-json\/wp\/v2\/comments?post=13755"}],"version-history":[{"count":1,"href":"https:\/\/khg-aachen.de\/index.php\/wp-json\/wp\/v2\/pages\/13755\/revisions"}],"predecessor-version":[{"id":13756,"href":"https:\/\/khg-aachen.de\/index.php\/wp-json\/wp\/v2\/pages\/13755\/revisions\/13756"}],"up":[{"embeddable":true,"href":"https:\/\/khg-aachen.de\/index.php\/wp-json\/wp\/v2\/pages\/583"}],"wp:attachment":[{"href":"https:\/\/khg-aachen.de\/index.php\/wp-json\/wp\/v2\/media?parent=13755"}],"curies":[{"name":"wp","href":"https:\/\/api.w.org\/{rel}","templated":true}]}}